{"id":210,"date":"2022-06-22T16:53:29","date_gmt":"2022-06-22T19:53:29","guid":{"rendered":"http:\/\/isepingenieria.cl\/new\/?page_id=210"},"modified":"2022-06-22T18:40:52","modified_gmt":"2022-06-22T21:40:52","slug":"mantencion-correctiva-transformadores","status":"publish","type":"page","link":"http:\/\/isepingenieria.cl\/index.php\/mantencion-correctiva-transformadores\/","title":{"rendered":"Mantenci\u00f3n Correctiva Transformadores"},"content":{"rendered":"\n<hr class=\"wp-block-separator alignwide has-text-color has-alpha-channel-opacity has-background is-style-wide\" style=\"background-color:#2f6535;color:#2f6535\"\/>\n\n\n\n<div class=\"wp-container-5 wp-block-columns alignwide\">\n<div class=\"wp-container-1 wp-block-column\" style=\"flex-basis:66.66%\">\n<ul class=\"has-small-font-size\"><li>Reparaci\u00f3n del bobinado.<\/li><li>Reemplazo del fluido aislante<\/li><li>Reemplazo de empaquetaduras.<\/li><li>Tratamiento de pintura.<\/li><li>Reemplazo &nbsp;Aisladores.<\/li><li>Reemplazo de v\u00e1lvulas.<\/li><li>Reemplazo de indicadores.<\/li><li>Pruebas de campo.<\/li><li>Informe t\u00e9cnico.<\/li><\/ul>\n<\/div>\n\n\n\n<div class=\"wp-container-4 wp-block-column\" style=\"flex-basis:33.33%\">\n<p>            <strong>Nuestros Servicios<\/strong><\/p>\n\n\n\n<ul class=\"has-small-font-size\"><li><a href=\"http:\/\/isepingenieria.cl\/index.php\/mantencion-preventiva-transformadores\/\">Mantenci\u00f3n Preventiva Transformadores<\/a><\/li><li><a href=\"http:\/\/isepingenieria.cl\/index.php\/mantencion-correctiva-transformadores\/\">Mantenci\u00f3n Correctiva Transformadores<\/a><\/li><li><a href=\"http:\/\/isepingenieria.cl\/index.php\/mantencion-a-transformadores-secos\/\">Mantenci\u00f3n a Transformadores Secos<\/a><\/li><li><a href=\"http:\/\/isepingenieria.cl\/index.php\/analisis-aceite-transformador\/\">An\u00e1lisis Aceite Transformador<\/a><\/li><li><a href=\"http:\/\/isepingenieria.cl\/index.php\/mantencion-de-interruptores\/\">Mantenci\u00f3n de Interruptores<\/a><\/li><li><a href=\"http:\/\/isepingenieria.cl\/index.php\/mantencion-de-celdas-y-desconectores-de-m-t\/\">Mantenci\u00f3n de celdas y desconectores de media tensi\u00f3n<\/a><\/li><li><a href=\"http:\/\/isepingenieria.cl\/index.php\/mant-banco-condensadores-y-tableros-electricos\/\">Mantenci\u00f3n Banco Condensadores y Tableros El\u00e9ctricos<\/a><\/li><li><a href=\"http:\/\/isepingenieria.cl\/index.php\/mantencion-de-lineas-de-mediana-tension\/\">Mantenci\u00f3n de L\u00edneas de Media Tensi\u00f3n<\/a><\/li><li><a href=\"http:\/\/isepingenieria.cl\/index.php\/montaje-de-ss-ee\/\">Montaje de SS\/EE<\/a><\/li><\/ul>\n\n\n\n<div class=\"wp-container-2 wp-block-buttons\">\n<div class=\"wp-block-button aligncenter\"><a class=\"wp-block-button__link has-background\" href=\"http:\/\/isepingenieria.cl\/index.php\/contacto\/\" style=\"background-color:#2f6535\"><strong>Cont\u00e1ctanos<\/strong><\/a><\/div>\n<\/div>\n\n\n\n<div class=\"wp-container-3 wp-block-buttons\"><\/div>\n<\/div>\n<\/div>\n\n\n\n<figure class=\"wp-container-7 wp-block-gallery-6 wp-block-gallery alignwide has-nested-images columns-default is-cropped\">\n<figure class=\"wp-block-image size-large\"><img loading=\"lazy\" width=\"768\" height=\"1024\" data-id=\"214\"  src=\"http:\/\/isepingenieria.cl\/new\/wp-content\/uploads\/2022\/06\/IMG_5117-768x1024.jpg\" alt=\"\" class=\"wp-image-214\" srcset=\"http:\/\/isepingenieria.cl\/wp-content\/uploads\/2022\/06\/IMG_5117-768x1024.jpg 768w, http:\/\/isepingenieria.cl\/wp-content\/uploads\/2022\/06\/IMG_5117-225x300.jpg 225w, http:\/\/isepingenieria.cl\/wp-content\/uploads\/2022\/06\/IMG_5117-1152x1536.jpg 1152w, http:\/\/isepingenieria.cl\/wp-content\/uploads\/2022\/06\/IMG_5117-1536x2048.jpg 1536w, http:\/\/isepingenieria.cl\/wp-content\/uploads\/2022\/06\/IMG_5117-scaled.jpg 1920w\" sizes=\"(max-width: 768px) 100vw, 768px\" \/><\/figure>\n\n\n\n<figure class=\"wp-block-image size-large\"><img loading=\"lazy\" width=\"1024\" height=\"768\" data-id=\"217\"  src=\"http:\/\/isepingenieria.cl\/new\/wp-content\/uploads\/2022\/06\/IMG_5157-1024x768.jpg\" alt=\"\" class=\"wp-image-217\" srcset=\"http:\/\/isepingenieria.cl\/wp-content\/uploads\/2022\/06\/IMG_5157-1024x768.jpg 1024w, http:\/\/isepingenieria.cl\/wp-content\/uploads\/2022\/06\/IMG_5157-300x225.jpg 300w, http:\/\/isepingenieria.cl\/wp-content\/uploads\/2022\/06\/IMG_5157-768x576.jpg 768w, http:\/\/isepingenieria.cl\/wp-content\/uploads\/2022\/06\/IMG_5157-1536x1152.jpg 1536w, http:\/\/isepingenieria.cl\/wp-content\/uploads\/2022\/06\/IMG_5157-2048x1536.jpg 2048w\" sizes=\"(max-width: 1024px) 100vw, 1024px\" \/><\/figure>\n\n\n\n<figure class=\"wp-block-image size-large\"><img loading=\"lazy\" width=\"1024\" height=\"768\" data-id=\"216\"  src=\"http:\/\/isepingenieria.cl\/new\/wp-content\/uploads\/2022\/06\/IMG_5223-1024x768.jpg\" alt=\"\" class=\"wp-image-216\" srcset=\"http:\/\/isepingenieria.cl\/wp-content\/uploads\/2022\/06\/IMG_5223-1024x768.jpg 1024w, http:\/\/isepingenieria.cl\/wp-content\/uploads\/2022\/06\/IMG_5223-300x225.jpg 300w, http:\/\/isepingenieria.cl\/wp-content\/uploads\/2022\/06\/IMG_5223-768x576.jpg 768w, http:\/\/isepingenieria.cl\/wp-content\/uploads\/2022\/06\/IMG_5223-1536x1152.jpg 1536w, http:\/\/isepingenieria.cl\/wp-content\/uploads\/2022\/06\/IMG_5223-2048x1536.jpg 2048w\" sizes=\"(max-width: 1024px) 100vw, 1024px\" \/><\/figure>\n\n\n\n<figure class=\"wp-block-image size-large\"><img loading=\"lazy\" width=\"1024\" height=\"768\" data-id=\"213\"  src=\"http:\/\/isepingenieria.cl\/new\/wp-content\/uploads\/2022\/06\/IMG_5237-1024x768.jpg\" alt=\"\" class=\"wp-image-213\" srcset=\"http:\/\/isepingenieria.cl\/wp-content\/uploads\/2022\/06\/IMG_5237-1024x768.jpg 1024w, http:\/\/isepingenieria.cl\/wp-content\/uploads\/2022\/06\/IMG_5237-300x225.jpg 300w, http:\/\/isepingenieria.cl\/wp-content\/uploads\/2022\/06\/IMG_5237-768x576.jpg 768w, http:\/\/isepingenieria.cl\/wp-content\/uploads\/2022\/06\/IMG_5237-1536x1152.jpg 1536w, http:\/\/isepingenieria.cl\/wp-content\/uploads\/2022\/06\/IMG_5237-2048x1536.jpg 2048w\" sizes=\"(max-width: 1024px) 100vw, 1024px\" \/><\/figure>\n\n\n\n<figure class=\"wp-block-image size-large\"><img loading=\"lazy\" width=\"1024\" height=\"768\" data-id=\"215\"  src=\"http:\/\/isepingenieria.cl\/new\/wp-content\/uploads\/2022\/06\/IMG_5789-1024x768.jpg\" alt=\"\" class=\"wp-image-215\" srcset=\"http:\/\/isepingenieria.cl\/wp-content\/uploads\/2022\/06\/IMG_5789-1024x768.jpg 1024w, http:\/\/isepingenieria.cl\/wp-content\/uploads\/2022\/06\/IMG_5789-300x225.jpg 300w, http:\/\/isepingenieria.cl\/wp-content\/uploads\/2022\/06\/IMG_5789-768x576.jpg 768w, http:\/\/isepingenieria.cl\/wp-content\/uploads\/2022\/06\/IMG_5789-1536x1152.jpg 1536w, http:\/\/isepingenieria.cl\/wp-content\/uploads\/2022\/06\/IMG_5789-2048x1536.jpg 2048w\" sizes=\"(max-width: 1024px) 100vw, 1024px\" \/><\/figure>\n\n\n\n<figure class=\"wp-block-image size-large\"><img loading=\"lazy\" width=\"768\" height=\"1024\" data-id=\"218\"  src=\"http:\/\/isepingenieria.cl\/new\/wp-content\/uploads\/2022\/06\/IMG_6901-768x1024.jpg\" alt=\"\" class=\"wp-image-218\" srcset=\"http:\/\/isepingenieria.cl\/wp-content\/uploads\/2022\/06\/IMG_6901-768x1024.jpg 768w, http:\/\/isepingenieria.cl\/wp-content\/uploads\/2022\/06\/IMG_6901-225x300.jpg 225w, http:\/\/isepingenieria.cl\/wp-content\/uploads\/2022\/06\/IMG_6901-1152x1536.jpg 1152w, http:\/\/isepingenieria.cl\/wp-content\/uploads\/2022\/06\/IMG_6901-1536x2048.jpg 1536w, http:\/\/isepingenieria.cl\/wp-content\/uploads\/2022\/06\/IMG_6901-scaled.jpg 1920w\" sizes=\"(max-width: 768px) 100vw, 768px\" \/><\/figure>\n\n\n\n<figure class=\"wp-block-image size-large\"><img loading=\"lazy\" width=\"1024\" height=\"768\" data-id=\"219\"  src=\"http:\/\/isepingenieria.cl\/new\/wp-content\/uploads\/2022\/06\/IMG_6925-1024x768.jpg\" alt=\"\" class=\"wp-image-219\" srcset=\"http:\/\/isepingenieria.cl\/wp-content\/uploads\/2022\/06\/IMG_6925-1024x768.jpg 1024w, http:\/\/isepingenieria.cl\/wp-content\/uploads\/2022\/06\/IMG_6925-300x225.jpg 300w, http:\/\/isepingenieria.cl\/wp-content\/uploads\/2022\/06\/IMG_6925-768x576.jpg 768w, http:\/\/isepingenieria.cl\/wp-content\/uploads\/2022\/06\/IMG_6925-1536x1152.jpg 1536w, http:\/\/isepingenieria.cl\/wp-content\/uploads\/2022\/06\/IMG_6925-2048x1536.jpg 2048w\" sizes=\"(max-width: 1024px) 100vw, 1024px\" \/><\/figure>\n\n\n\n<figure class=\"wp-block-image size-large\"><img loading=\"lazy\" width=\"1024\" height=\"768\" data-id=\"222\"  src=\"http:\/\/isepingenieria.cl\/new\/wp-content\/uploads\/2022\/06\/IMG_7456-1024x768.jpg\" alt=\"\" class=\"wp-image-222\" srcset=\"http:\/\/isepingenieria.cl\/wp-content\/uploads\/2022\/06\/IMG_7456-1024x768.jpg 1024w, http:\/\/isepingenieria.cl\/wp-content\/uploads\/2022\/06\/IMG_7456-300x225.jpg 300w, http:\/\/isepingenieria.cl\/wp-content\/uploads\/2022\/06\/IMG_7456-768x576.jpg 768w, http:\/\/isepingenieria.cl\/wp-content\/uploads\/2022\/06\/IMG_7456-1536x1152.jpg 1536w, http:\/\/isepingenieria.cl\/wp-content\/uploads\/2022\/06\/IMG_7456-2048x1536.jpg 2048w\" sizes=\"(max-width: 1024px) 100vw, 1024px\" \/><\/figure>\n\n\n\n<figure class=\"wp-block-image size-large\"><img loading=\"lazy\" width=\"1024\" height=\"768\" data-id=\"225\"  src=\"http:\/\/isepingenieria.cl\/new\/wp-content\/uploads\/2022\/06\/IMG_7521-1024x768.jpg\" alt=\"\" class=\"wp-image-225\" srcset=\"http:\/\/isepingenieria.cl\/wp-content\/uploads\/2022\/06\/IMG_7521-1024x768.jpg 1024w, http:\/\/isepingenieria.cl\/wp-content\/uploads\/2022\/06\/IMG_7521-300x225.jpg 300w, http:\/\/isepingenieria.cl\/wp-content\/uploads\/2022\/06\/IMG_7521-768x576.jpg 768w, http:\/\/isepingenieria.cl\/wp-content\/uploads\/2022\/06\/IMG_7521-1536x1152.jpg 1536w, http:\/\/isepingenieria.cl\/wp-content\/uploads\/2022\/06\/IMG_7521-2048x1536.jpg 2048w\" sizes=\"(max-width: 1024px) 100vw, 1024px\" \/><\/figure>\n\n\n\n<figure class=\"wp-block-image size-large\"><img loading=\"lazy\" width=\"1024\" height=\"768\" data-id=\"220\"  src=\"http:\/\/isepingenieria.cl\/new\/wp-content\/uploads\/2022\/06\/IMG_7537-1024x768.jpg\" alt=\"\" class=\"wp-image-220\" srcset=\"http:\/\/isepingenieria.cl\/wp-content\/uploads\/2022\/06\/IMG_7537-1024x768.jpg 1024w, http:\/\/isepingenieria.cl\/wp-content\/uploads\/2022\/06\/IMG_7537-300x225.jpg 300w, http:\/\/isepingenieria.cl\/wp-content\/uploads\/2022\/06\/IMG_7537-768x576.jpg 768w, http:\/\/isepingenieria.cl\/wp-content\/uploads\/2022\/06\/IMG_7537-1536x1152.jpg 1536w, http:\/\/isepingenieria.cl\/wp-content\/uploads\/2022\/06\/IMG_7537-2048x1536.jpg 2048w\" sizes=\"(max-width: 1024px) 100vw, 1024px\" \/><\/figure>\n\n\n\n<figure class=\"wp-block-image size-large\"><img loading=\"lazy\" width=\"1024\" height=\"768\" data-id=\"224\"  src=\"http:\/\/isepingenieria.cl\/new\/wp-content\/uploads\/2022\/06\/IMG_8073-1024x768.jpg\" alt=\"\" class=\"wp-image-224\" srcset=\"http:\/\/isepingenieria.cl\/wp-content\/uploads\/2022\/06\/IMG_8073-1024x768.jpg 1024w, http:\/\/isepingenieria.cl\/wp-content\/uploads\/2022\/06\/IMG_8073-300x225.jpg 300w, http:\/\/isepingenieria.cl\/wp-content\/uploads\/2022\/06\/IMG_8073-768x576.jpg 768w, http:\/\/isepingenieria.cl\/wp-content\/uploads\/2022\/06\/IMG_8073-1536x1152.jpg 1536w, http:\/\/isepingenieria.cl\/wp-content\/uploads\/2022\/06\/IMG_8073-2048x1536.jpg 2048w\" sizes=\"(max-width: 1024px) 100vw, 1024px\" \/><\/figure>\n\n\n\n<figure class=\"wp-block-image size-large\"><img loading=\"lazy\" width=\"1024\" height=\"768\" data-id=\"221\"  src=\"http:\/\/isepingenieria.cl\/new\/wp-content\/uploads\/2022\/06\/IMG_8806-1024x768.jpg\" alt=\"\" class=\"wp-image-221\" srcset=\"http:\/\/isepingenieria.cl\/wp-content\/uploads\/2022\/06\/IMG_8806-1024x768.jpg 1024w, http:\/\/isepingenieria.cl\/wp-content\/uploads\/2022\/06\/IMG_8806-300x225.jpg 300w, http:\/\/isepingenieria.cl\/wp-content\/uploads\/2022\/06\/IMG_8806-768x576.jpg 768w, http:\/\/isepingenieria.cl\/wp-content\/uploads\/2022\/06\/IMG_8806-1536x1152.jpg 1536w, http:\/\/isepingenieria.cl\/wp-content\/uploads\/2022\/06\/IMG_8806-2048x1536.jpg 2048w\" sizes=\"(max-width: 1024px) 100vw, 1024px\" \/><\/figure>\n\n\n\n<figure class=\"wp-block-image size-large\"><img loading=\"lazy\" width=\"768\" height=\"1024\" data-id=\"226\"  src=\"http:\/\/isepingenieria.cl\/new\/wp-content\/uploads\/2022\/06\/IMG_9198-768x1024.jpg\" alt=\"\" class=\"wp-image-226\" srcset=\"http:\/\/isepingenieria.cl\/wp-content\/uploads\/2022\/06\/IMG_9198-768x1024.jpg 768w, http:\/\/isepingenieria.cl\/wp-content\/uploads\/2022\/06\/IMG_9198-225x300.jpg 225w, http:\/\/isepingenieria.cl\/wp-content\/uploads\/2022\/06\/IMG_9198-1152x1536.jpg 1152w, http:\/\/isepingenieria.cl\/wp-content\/uploads\/2022\/06\/IMG_9198-1536x2048.jpg 1536w, http:\/\/isepingenieria.cl\/wp-content\/uploads\/2022\/06\/IMG_9198-scaled.jpg 1920w\" sizes=\"(max-width: 768px) 100vw, 768px\" \/><\/figure>\n\n\n\n<figure class=\"wp-block-image size-large\"><img loading=\"lazy\" width=\"1024\" height=\"768\" data-id=\"223\"  src=\"http:\/\/isepingenieria.cl\/new\/wp-content\/uploads\/2022\/06\/IMG_9228-1024x768.jpg\" alt=\"\" class=\"wp-image-223\" srcset=\"http:\/\/isepingenieria.cl\/wp-content\/uploads\/2022\/06\/IMG_9228-1024x768.jpg 1024w, http:\/\/isepingenieria.cl\/wp-content\/uploads\/2022\/06\/IMG_9228-300x225.jpg 300w, http:\/\/isepingenieria.cl\/wp-content\/uploads\/2022\/06\/IMG_9228-768x576.jpg 768w, http:\/\/isepingenieria.cl\/wp-content\/uploads\/2022\/06\/IMG_9228-1536x1152.jpg 1536w, http:\/\/isepingenieria.cl\/wp-content\/uploads\/2022\/06\/IMG_9228-2048x1536.jpg 2048w\" sizes=\"(max-width: 1024px) 100vw, 1024px\" \/><\/figure>\n<\/figure>\n","protected":false},"excerpt":{"rendered":"<p>Reparaci\u00f3n del bobinado. Reemplazo del fluido aislante Reemplazo de empaquetaduras. Tratamiento de pintura. Reemplazo &nbsp;Aisladores. Reemplazo de v\u00e1lvulas. Reemplazo de indicadores. Pruebas de campo. Informe t\u00e9cnico. Nuestros Servicios Mantenci\u00f3n Preventiva Transformadores Mantenci\u00f3n Correctiva Transformadores Mantenci\u00f3n a Transformadores Secos An\u00e1lisis Aceite Transformador Mantenci\u00f3n de Interruptores Mantenci\u00f3n de celdas y desconectores de media tensi\u00f3n Mantenci\u00f3n Banco Condensadores [&hellip;]<\/p>\n","protected":false},"author":2,"featured_media":0,"parent":0,"menu_order":0,"comment_status":"closed","ping_status":"closed","template":"","meta":[],"_links":{"self":[{"href":"http:\/\/isepingenieria.cl\/index.php\/wp-json\/wp\/v2\/pages\/210"}],"collection":[{"href":"http:\/\/isepingenieria.cl\/index.php\/wp-json\/wp\/v2\/pages"}],"about":[{"href":"http:\/\/isepingenieria.cl\/index.php\/wp-json\/wp\/v2\/types\/page"}],"author":[{"embeddable":true,"href":"http:\/\/isepingenieria.cl\/index.php\/wp-json\/wp\/v2\/users\/2"}],"replies":[{"embeddable":true,"href":"http:\/\/isepingenieria.cl\/index.php\/wp-json\/wp\/v2\/comments?post=210"}],"version-history":[{"count":3,"href":"http:\/\/isepingenieria.cl\/index.php\/wp-json\/wp\/v2\/pages\/210\/revisions"}],"predecessor-version":[{"id":387,"href":"http:\/\/isepingenieria.cl\/index.php\/wp-json\/wp\/v2\/pages\/210\/revisions\/387"}],"wp:attachment":[{"href":"http:\/\/isepingenieria.cl\/index.php\/wp-json\/wp\/v2\/media?parent=210"}],"curies":[{"name":"wp","href":"https:\/\/api.w.org\/{rel}","templated":true}]}}