{"id":230,"date":"2022-06-22T17:02:49","date_gmt":"2022-06-22T20:02:49","guid":{"rendered":"http:\/\/isepingenieria.cl\/new\/?page_id=230"},"modified":"2022-06-22T18:37:59","modified_gmt":"2022-06-22T21:37:59","slug":"mantencion-a-transformadores-secos","status":"publish","type":"page","link":"http:\/\/isepingenieria.cl\/index.php\/mantencion-a-transformadores-secos\/","title":{"rendered":"Mantenci\u00f3n a Transformadores Secos"},"content":{"rendered":"\n<hr class=\"wp-block-separator alignwide has-text-color has-alpha-channel-opacity has-background is-style-wide\" style=\"background-color:#2f6535;color:#2f6535\"\/>\n\n\n\n<div class=\"wp-container-4 wp-block-columns alignwide\">\n<div class=\"wp-container-1 wp-block-column\" style=\"flex-basis:66.66%\">\n<p class=\"has-small-font-size\">Los transformadores secos encapsulados&nbsp;precisan una serie de atenciones importantes para su normal funcionamiento.<\/p>\n\n\n\n<ul class=\"has-small-font-size\"><li>El polvo que se deposita en gran cantidad en las partes del transformador juega un papel de aislante t\u00e9rmico. La temperatura del aparato aumenta, por tal motivo es necesario realizar una limpieza regular. Esta limpieza se realiza con solventes diel\u00e9ctricos y con artefactos de aspiraci\u00f3n.<\/li><li>Control de las termocuplas que miden las temperaturas del n\u00facleo y de los arrollamientos.<\/li><li>Verificaci\u00f3n del funcionamiento de la ventilaci\u00f3n forzada.<\/li><li>Ajuste general del aparato. Principalmente del sistema de sujeci\u00f3n de los bobinados y bornes, tanto de alta como de baja tensi\u00f3n.<\/li><li>Control de la no presencia de humedad en el local.<\/li><\/ul>\n<\/div>\n\n\n\n<div class=\"wp-container-3 wp-block-column\" style=\"flex-basis:33.33%\">\n<h5 class=\"has-text-align-left\">                <strong>Nuestros Servicios<\/strong><\/h5>\n\n\n\n<ul class=\"has-small-font-size\"><li><a href=\"http:\/\/isepingenieria.cl\/index.php\/mantencion-preventiva-transformadores\/\">Mantenci\u00f3n Preventiva Transformadores<\/a><\/li><li><a href=\"http:\/\/isepingenieria.cl\/index.php\/mantencion-correctiva-transformadores\/\">Mantenci\u00f3n Correctiva Transformadores<\/a><\/li><li><a href=\"http:\/\/isepingenieria.cl\/index.php\/mantencion-a-transformadores-secos\/\">Mantenci\u00f3n a Transformadores Secos<\/a><\/li><li><a href=\"http:\/\/isepingenieria.cl\/index.php\/analisis-aceite-transformador\/\">An\u00e1lisis Aceite Transformador<\/a><\/li><li><a href=\"http:\/\/isepingenieria.cl\/index.php\/mantencion-de-interruptores\/\">Mantenci\u00f3n de Interruptores<\/a><\/li><li><a href=\"http:\/\/isepingenieria.cl\/index.php\/mantencion-de-celdas-y-desconectores-de-m-t\/\">Mantenci\u00f3n de celdas y desconectores de media tensi\u00f3n<\/a><\/li><li><a href=\"http:\/\/isepingenieria.cl\/index.php\/mant-banco-condensadores-y-tableros-electricos\/\">Mantenci\u00f3n Banco Condensadores y Tableros El\u00e9ctricos<\/a><\/li><li><a href=\"http:\/\/isepingenieria.cl\/index.php\/mantencion-de-lineas-de-mediana-tension\/\">Mantenci\u00f3n de L\u00edneas de Media Tensi\u00f3n<\/a><\/li><li><a href=\"http:\/\/isepingenieria.cl\/index.php\/montaje-de-ss-ee\/\">Montaje de SS\/EE<\/a><\/li><\/ul>\n\n\n\n<div class=\"wp-container-2 wp-block-buttons\">\n<div class=\"wp-block-button aligncenter\"><a class=\"wp-block-button__link has-background\" href=\"http:\/\/isepingenieria.cl\/index.php\/contacto\/\" style=\"background-color:#2f6535\"><strong>Cont\u00e1ctanos<\/strong><\/a><\/div>\n<\/div>\n<\/div>\n<\/div>\n\n\n\n<figure class=\"wp-container-6 wp-block-gallery-5 wp-block-gallery alignwide has-nested-images columns-default is-cropped\">\n<figure class=\"wp-block-image size-large\"><img loading=\"lazy\" width=\"1024\" height=\"768\" data-id=\"232\"  src=\"http:\/\/isepingenieria.cl\/new\/wp-content\/uploads\/2022\/06\/IMG_0163-1024x768.jpg\" alt=\"\" class=\"wp-image-232\" srcset=\"http:\/\/isepingenieria.cl\/wp-content\/uploads\/2022\/06\/IMG_0163-1024x768.jpg 1024w, http:\/\/isepingenieria.cl\/wp-content\/uploads\/2022\/06\/IMG_0163-300x225.jpg 300w, http:\/\/isepingenieria.cl\/wp-content\/uploads\/2022\/06\/IMG_0163-768x576.jpg 768w, http:\/\/isepingenieria.cl\/wp-content\/uploads\/2022\/06\/IMG_0163-1536x1152.jpg 1536w, http:\/\/isepingenieria.cl\/wp-content\/uploads\/2022\/06\/IMG_0163-2048x1536.jpg 2048w\" sizes=\"(max-width: 1024px) 100vw, 1024px\" \/><\/figure>\n\n\n\n<figure class=\"wp-block-image size-large\"><img loading=\"lazy\" width=\"1024\" height=\"768\" data-id=\"234\"  src=\"http:\/\/isepingenieria.cl\/new\/wp-content\/uploads\/2022\/06\/IMG_0187-1024x768.jpg\" alt=\"\" class=\"wp-image-234\" srcset=\"http:\/\/isepingenieria.cl\/wp-content\/uploads\/2022\/06\/IMG_0187-1024x768.jpg 1024w, http:\/\/isepingenieria.cl\/wp-content\/uploads\/2022\/06\/IMG_0187-300x225.jpg 300w, http:\/\/isepingenieria.cl\/wp-content\/uploads\/2022\/06\/IMG_0187-768x576.jpg 768w, http:\/\/isepingenieria.cl\/wp-content\/uploads\/2022\/06\/IMG_0187-1536x1152.jpg 1536w, http:\/\/isepingenieria.cl\/wp-content\/uploads\/2022\/06\/IMG_0187-2048x1536.jpg 2048w\" sizes=\"(max-width: 1024px) 100vw, 1024px\" \/><\/figure>\n\n\n\n<figure class=\"wp-block-image size-large\"><img loading=\"lazy\" width=\"1024\" height=\"768\" data-id=\"236\"  src=\"http:\/\/isepingenieria.cl\/new\/wp-content\/uploads\/2022\/06\/IMG_2988-1024x768.jpg\" alt=\"\" class=\"wp-image-236\" srcset=\"http:\/\/isepingenieria.cl\/wp-content\/uploads\/2022\/06\/IMG_2988-1024x768.jpg 1024w, http:\/\/isepingenieria.cl\/wp-content\/uploads\/2022\/06\/IMG_2988-300x225.jpg 300w, http:\/\/isepingenieria.cl\/wp-content\/uploads\/2022\/06\/IMG_2988-768x576.jpg 768w, http:\/\/isepingenieria.cl\/wp-content\/uploads\/2022\/06\/IMG_2988-1536x1152.jpg 1536w, http:\/\/isepingenieria.cl\/wp-content\/uploads\/2022\/06\/IMG_2988-2048x1536.jpg 2048w\" sizes=\"(max-width: 1024px) 100vw, 1024px\" \/><\/figure>\n\n\n\n<figure class=\"wp-block-image size-large\"><img loading=\"lazy\" width=\"1024\" height=\"768\" data-id=\"235\"  src=\"http:\/\/isepingenieria.cl\/new\/wp-content\/uploads\/2022\/06\/IMG_3016-1024x768.jpg\" alt=\"\" class=\"wp-image-235\" srcset=\"http:\/\/isepingenieria.cl\/wp-content\/uploads\/2022\/06\/IMG_3016-1024x768.jpg 1024w, http:\/\/isepingenieria.cl\/wp-content\/uploads\/2022\/06\/IMG_3016-300x225.jpg 300w, http:\/\/isepingenieria.cl\/wp-content\/uploads\/2022\/06\/IMG_3016-768x576.jpg 768w, http:\/\/isepingenieria.cl\/wp-content\/uploads\/2022\/06\/IMG_3016-1536x1152.jpg 1536w, http:\/\/isepingenieria.cl\/wp-content\/uploads\/2022\/06\/IMG_3016-2048x1536.jpg 2048w\" sizes=\"(max-width: 1024px) 100vw, 1024px\" \/><\/figure>\n\n\n\n<figure class=\"wp-block-image size-large\"><img loading=\"lazy\" width=\"1024\" height=\"768\" data-id=\"231\"  src=\"http:\/\/isepingenieria.cl\/new\/wp-content\/uploads\/2022\/06\/IMG_3043-1024x768.jpg\" alt=\"\" class=\"wp-image-231\" srcset=\"http:\/\/isepingenieria.cl\/wp-content\/uploads\/2022\/06\/IMG_3043-1024x768.jpg 1024w, http:\/\/isepingenieria.cl\/wp-content\/uploads\/2022\/06\/IMG_3043-300x225.jpg 300w, http:\/\/isepingenieria.cl\/wp-content\/uploads\/2022\/06\/IMG_3043-768x576.jpg 768w, http:\/\/isepingenieria.cl\/wp-content\/uploads\/2022\/06\/IMG_3043-1536x1152.jpg 1536w, http:\/\/isepingenieria.cl\/wp-content\/uploads\/2022\/06\/IMG_3043-2048x1536.jpg 2048w\" sizes=\"(max-width: 1024px) 100vw, 1024px\" \/><\/figure>\n\n\n\n<figure class=\"wp-block-image size-large\"><img loading=\"lazy\" width=\"1024\" height=\"768\" data-id=\"233\"  src=\"http:\/\/isepingenieria.cl\/new\/wp-content\/uploads\/2022\/06\/IMG_5222-1024x768.jpg\" alt=\"\" class=\"wp-image-233\" srcset=\"http:\/\/isepingenieria.cl\/wp-content\/uploads\/2022\/06\/IMG_5222-1024x768.jpg 1024w, http:\/\/isepingenieria.cl\/wp-content\/uploads\/2022\/06\/IMG_5222-300x225.jpg 300w, http:\/\/isepingenieria.cl\/wp-content\/uploads\/2022\/06\/IMG_5222-768x576.jpg 768w, http:\/\/isepingenieria.cl\/wp-content\/uploads\/2022\/06\/IMG_5222-1536x1152.jpg 1536w, http:\/\/isepingenieria.cl\/wp-content\/uploads\/2022\/06\/IMG_5222-2048x1536.jpg 2048w\" sizes=\"(max-width: 1024px) 100vw, 1024px\" \/><\/figure>\n\n\n\n<figure class=\"wp-block-image size-large\"><img loading=\"lazy\" width=\"1024\" height=\"768\" data-id=\"237\"  src=\"http:\/\/isepingenieria.cl\/new\/wp-content\/uploads\/2022\/06\/IMG_6400-1024x768.jpg\" alt=\"\" class=\"wp-image-237\" srcset=\"http:\/\/isepingenieria.cl\/wp-content\/uploads\/2022\/06\/IMG_6400-1024x768.jpg 1024w, http:\/\/isepingenieria.cl\/wp-content\/uploads\/2022\/06\/IMG_6400-300x225.jpg 300w, http:\/\/isepingenieria.cl\/wp-content\/uploads\/2022\/06\/IMG_6400-768x576.jpg 768w, http:\/\/isepingenieria.cl\/wp-content\/uploads\/2022\/06\/IMG_6400-1536x1152.jpg 1536w, http:\/\/isepingenieria.cl\/wp-content\/uploads\/2022\/06\/IMG_6400-2048x1536.jpg 2048w\" sizes=\"(max-width: 1024px) 100vw, 1024px\" \/><\/figure>\n\n\n\n<figure class=\"wp-block-image size-large\"><img loading=\"lazy\" width=\"1024\" height=\"768\" data-id=\"238\"  src=\"http:\/\/isepingenieria.cl\/new\/wp-content\/uploads\/2022\/06\/IMG_6414-1024x768.jpg\" alt=\"\" class=\"wp-image-238\" srcset=\"http:\/\/isepingenieria.cl\/wp-content\/uploads\/2022\/06\/IMG_6414-1024x768.jpg 1024w, http:\/\/isepingenieria.cl\/wp-content\/uploads\/2022\/06\/IMG_6414-300x225.jpg 300w, http:\/\/isepingenieria.cl\/wp-content\/uploads\/2022\/06\/IMG_6414-768x576.jpg 768w, http:\/\/isepingenieria.cl\/wp-content\/uploads\/2022\/06\/IMG_6414-1536x1152.jpg 1536w, http:\/\/isepingenieria.cl\/wp-content\/uploads\/2022\/06\/IMG_6414-2048x1536.jpg 2048w\" sizes=\"(max-width: 1024px) 100vw, 1024px\" \/><\/figure>\n\n\n\n<figure class=\"wp-block-image size-large\"><img loading=\"lazy\" width=\"1024\" height=\"768\" data-id=\"239\"  src=\"http:\/\/isepingenieria.cl\/new\/wp-content\/uploads\/2022\/06\/IMG_6424-1024x768.jpg\" alt=\"\" class=\"wp-image-239\" srcset=\"http:\/\/isepingenieria.cl\/wp-content\/uploads\/2022\/06\/IMG_6424-1024x768.jpg 1024w, http:\/\/isepingenieria.cl\/wp-content\/uploads\/2022\/06\/IMG_6424-300x225.jpg 300w, http:\/\/isepingenieria.cl\/wp-content\/uploads\/2022\/06\/IMG_6424-768x576.jpg 768w, http:\/\/isepingenieria.cl\/wp-content\/uploads\/2022\/06\/IMG_6424-1536x1152.jpg 1536w, http:\/\/isepingenieria.cl\/wp-content\/uploads\/2022\/06\/IMG_6424-2048x1536.jpg 2048w\" sizes=\"(max-width: 1024px) 100vw, 1024px\" \/><\/figure>\n\n\n\n<figure class=\"wp-block-image size-large\"><img loading=\"lazy\" width=\"1024\" height=\"768\" data-id=\"242\"  src=\"http:\/\/isepingenieria.cl\/new\/wp-content\/uploads\/2022\/06\/IMG_6472-1024x768.jpg\" alt=\"\" class=\"wp-image-242\" srcset=\"http:\/\/isepingenieria.cl\/wp-content\/uploads\/2022\/06\/IMG_6472-1024x768.jpg 1024w, http:\/\/isepingenieria.cl\/wp-content\/uploads\/2022\/06\/IMG_6472-300x225.jpg 300w, http:\/\/isepingenieria.cl\/wp-content\/uploads\/2022\/06\/IMG_6472-768x576.jpg 768w, http:\/\/isepingenieria.cl\/wp-content\/uploads\/2022\/06\/IMG_6472-1536x1152.jpg 1536w, http:\/\/isepingenieria.cl\/wp-content\/uploads\/2022\/06\/IMG_6472-2048x1536.jpg 2048w\" sizes=\"(max-width: 1024px) 100vw, 1024px\" \/><\/figure>\n\n\n\n<figure class=\"wp-block-image size-large\"><img loading=\"lazy\" width=\"1024\" height=\"768\" data-id=\"243\"  src=\"http:\/\/isepingenieria.cl\/new\/wp-content\/uploads\/2022\/06\/IMG_8501-1024x768.jpg\" alt=\"\" class=\"wp-image-243\" srcset=\"http:\/\/isepingenieria.cl\/wp-content\/uploads\/2022\/06\/IMG_8501-1024x768.jpg 1024w, http:\/\/isepingenieria.cl\/wp-content\/uploads\/2022\/06\/IMG_8501-300x225.jpg 300w, http:\/\/isepingenieria.cl\/wp-content\/uploads\/2022\/06\/IMG_8501-768x576.jpg 768w, http:\/\/isepingenieria.cl\/wp-content\/uploads\/2022\/06\/IMG_8501-1536x1152.jpg 1536w, http:\/\/isepingenieria.cl\/wp-content\/uploads\/2022\/06\/IMG_8501-2048x1536.jpg 2048w\" sizes=\"(max-width: 1024px) 100vw, 1024px\" \/><\/figure>\n\n\n\n<figure class=\"wp-block-image size-large\"><img loading=\"lazy\" width=\"1024\" height=\"768\" data-id=\"241\"  src=\"http:\/\/isepingenieria.cl\/new\/wp-content\/uploads\/2022\/06\/IMG_9051-1024x768.jpg\" alt=\"\" class=\"wp-image-241\" srcset=\"http:\/\/isepingenieria.cl\/wp-content\/uploads\/2022\/06\/IMG_9051-1024x768.jpg 1024w, http:\/\/isepingenieria.cl\/wp-content\/uploads\/2022\/06\/IMG_9051-300x225.jpg 300w, http:\/\/isepingenieria.cl\/wp-content\/uploads\/2022\/06\/IMG_9051-768x576.jpg 768w, http:\/\/isepingenieria.cl\/wp-content\/uploads\/2022\/06\/IMG_9051-1536x1152.jpg 1536w, http:\/\/isepingenieria.cl\/wp-content\/uploads\/2022\/06\/IMG_9051-2048x1536.jpg 2048w\" sizes=\"(max-width: 1024px) 100vw, 1024px\" \/><\/figure>\n\n\n\n<figure class=\"wp-block-image size-large\"><img loading=\"lazy\" width=\"1024\" height=\"768\" data-id=\"240\"  src=\"http:\/\/isepingenieria.cl\/new\/wp-content\/uploads\/2022\/06\/IMG_9565-1024x768.jpg\" alt=\"\" class=\"wp-image-240\" srcset=\"http:\/\/isepingenieria.cl\/wp-content\/uploads\/2022\/06\/IMG_9565-1024x768.jpg 1024w, http:\/\/isepingenieria.cl\/wp-content\/uploads\/2022\/06\/IMG_9565-300x225.jpg 300w, http:\/\/isepingenieria.cl\/wp-content\/uploads\/2022\/06\/IMG_9565-768x576.jpg 768w, http:\/\/isepingenieria.cl\/wp-content\/uploads\/2022\/06\/IMG_9565-1536x1152.jpg 1536w, http:\/\/isepingenieria.cl\/wp-content\/uploads\/2022\/06\/IMG_9565-2048x1536.jpg 2048w\" sizes=\"(max-width: 1024px) 100vw, 1024px\" \/><\/figure>\n<\/figure>\n","protected":false},"excerpt":{"rendered":"<p>Los transformadores secos encapsulados&nbsp;precisan una serie de atenciones importantes para su normal funcionamiento. El polvo que se deposita en gran cantidad en las partes del transformador juega un papel de aislante t\u00e9rmico. La temperatura del aparato aumenta, por tal motivo es necesario realizar una limpieza regular. Esta limpieza se realiza con solventes diel\u00e9ctricos y con [&hellip;]<\/p>\n","protected":false},"author":2,"featured_media":0,"parent":0,"menu_order":0,"comment_status":"closed","ping_status":"closed","template":"","meta":[],"_links":{"self":[{"href":"http:\/\/isepingenieria.cl\/index.php\/wp-json\/wp\/v2\/pages\/230"}],"collection":[{"href":"http:\/\/isepingenieria.cl\/index.php\/wp-json\/wp\/v2\/pages"}],"about":[{"href":"http:\/\/isepingenieria.cl\/index.php\/wp-json\/wp\/v2\/types\/page"}],"author":[{"embeddable":true,"href":"http:\/\/isepingenieria.cl\/index.php\/wp-json\/wp\/v2\/users\/2"}],"replies":[{"embeddable":true,"href":"http:\/\/isepingenieria.cl\/index.php\/wp-json\/wp\/v2\/comments?post=230"}],"version-history":[{"count":3,"href":"http:\/\/isepingenieria.cl\/index.php\/wp-json\/wp\/v2\/pages\/230\/revisions"}],"predecessor-version":[{"id":385,"href":"http:\/\/isepingenieria.cl\/index.php\/wp-json\/wp\/v2\/pages\/230\/revisions\/385"}],"wp:attachment":[{"href":"http:\/\/isepingenieria.cl\/index.php\/wp-json\/wp\/v2\/media?parent=230"}],"curies":[{"name":"wp","href":"https:\/\/api.w.org\/{rel}","templated":true}]}}