{"id":263,"date":"2022-06-22T17:17:41","date_gmt":"2022-06-22T20:17:41","guid":{"rendered":"http:\/\/isepingenieria.cl\/new\/?page_id=263"},"modified":"2022-06-22T18:42:45","modified_gmt":"2022-06-22T21:42:45","slug":"mantencion-de-interruptores","status":"publish","type":"page","link":"http:\/\/isepingenieria.cl\/index.php\/mantencion-de-interruptores\/","title":{"rendered":"Mantenci\u00f3n de Interruptores"},"content":{"rendered":"\n<hr class=\"wp-block-separator alignwide has-text-color has-alpha-channel-opacity has-background is-style-wide\" style=\"background-color:#2f6535;color:#2f6535\"\/>\n\n\n\n<div class=\"wp-container-5 wp-block-columns alignwide\">\n<div class=\"wp-container-1 wp-block-column\" style=\"flex-basis:66.66%\">\n<ul class=\"has-small-font-size\"><li>Verificaci\u00f3n de operaci\u00f3n mec\u00e1nica del interruptor.<\/li><li>Medici\u00f3n de resistencia de aislaci\u00f3n de los polos entre fases y fase-tierra<\/li><li>Medici\u00f3n de la resistencia de contacto de los 3 polos del interruptor.<\/li><li>Medici\u00f3n de tiempos de operaci\u00f3n.<\/li><li>Medici\u00f3n de simultaneidad.<\/li><li>Limpieza y apriete de conexiones del equipo.<\/li><li>Informe t\u00e9cnico<\/li><\/ul>\n<\/div>\n\n\n\n<div class=\"wp-container-4 wp-block-column\" style=\"flex-basis:33.33%\">\n<h5 class=\"has-text-align-left\">            <strong>Nuestros Servicios<\/strong><\/h5>\n\n\n\n<ul class=\"has-small-font-size\"><li><a href=\"http:\/\/isepingenieria.cl\/index.php\/mantencion-preventiva-transformadores\/\">Mantenci\u00f3n Preventiva Transformadores<\/a><\/li><li><a href=\"http:\/\/isepingenieria.cl\/index.php\/mantencion-correctiva-transformadores\/\">Mantenci\u00f3n Correctiva Transformadores<\/a><\/li><li><a href=\"http:\/\/isepingenieria.cl\/index.php\/mantencion-a-transformadores-secos\/\">Mantenci\u00f3n a Transformadores Secos<\/a><\/li><li><a href=\"http:\/\/isepingenieria.cl\/index.php\/analisis-aceite-transformador\/\">An\u00e1lisis Aceite Transformador<\/a><\/li><li><a href=\"http:\/\/isepingenieria.cl\/index.php\/mantencion-de-interruptores\/\">Mantenci\u00f3n de Interruptores<\/a><\/li><li><a href=\"http:\/\/isepingenieria.cl\/index.php\/mantencion-de-celdas-y-desconectores-de-m-t\/\">Mantenci\u00f3n de celdas y desconectores de media tensi\u00f3n<\/a><\/li><li><a href=\"http:\/\/isepingenieria.cl\/index.php\/mant-banco-condensadores-y-tableros-electricos\/\">Mantenci\u00f3n Banco Condensadores y Tableros El\u00e9ctricos<\/a><\/li><li><a href=\"http:\/\/isepingenieria.cl\/index.php\/mantencion-de-lineas-de-mediana-tension\/\">Mantenci\u00f3n de L\u00edneas de Media Tensi\u00f3n<\/a><\/li><li><a href=\"http:\/\/isepingenieria.cl\/index.php\/montaje-de-ss-ee\/\">Montaje de SS\/EE<\/a><\/li><\/ul>\n\n\n\n<div class=\"wp-container-2 wp-block-buttons\">\n<div class=\"wp-block-button aligncenter\"><a class=\"wp-block-button__link has-background\" href=\"http:\/\/isepingenieria.cl\/index.php\/contacto\/\" style=\"background-color:#2f6535\"><strong>Cont\u00e1ctanos<\/strong><\/a><\/div>\n<\/div>\n\n\n\n<div class=\"wp-container-3 wp-block-buttons\"><\/div>\n<\/div>\n<\/div>\n\n\n\n<figure class=\"wp-container-7 wp-block-gallery-6 wp-block-gallery alignwide has-nested-images columns-default is-cropped\">\n<figure class=\"wp-block-image size-large\"><img loading=\"lazy\" width=\"1024\" height=\"768\" data-id=\"268\"  src=\"http:\/\/isepingenieria.cl\/new\/wp-content\/uploads\/2022\/06\/IMG_1832-1024x768.jpg\" alt=\"\" class=\"wp-image-268\" srcset=\"http:\/\/isepingenieria.cl\/wp-content\/uploads\/2022\/06\/IMG_1832-1024x768.jpg 1024w, http:\/\/isepingenieria.cl\/wp-content\/uploads\/2022\/06\/IMG_1832-300x225.jpg 300w, http:\/\/isepingenieria.cl\/wp-content\/uploads\/2022\/06\/IMG_1832-768x576.jpg 768w, http:\/\/isepingenieria.cl\/wp-content\/uploads\/2022\/06\/IMG_1832-1536x1152.jpg 1536w, http:\/\/isepingenieria.cl\/wp-content\/uploads\/2022\/06\/IMG_1832-2048x1536.jpg 2048w\" sizes=\"(max-width: 1024px) 100vw, 1024px\" \/><\/figure>\n\n\n\n<figure class=\"wp-block-image size-large\"><img loading=\"lazy\" width=\"1024\" height=\"768\" data-id=\"269\"  src=\"http:\/\/isepingenieria.cl\/new\/wp-content\/uploads\/2022\/06\/IMG_2733-1024x768.jpg\" alt=\"\" class=\"wp-image-269\" srcset=\"http:\/\/isepingenieria.cl\/wp-content\/uploads\/2022\/06\/IMG_2733-1024x768.jpg 1024w, http:\/\/isepingenieria.cl\/wp-content\/uploads\/2022\/06\/IMG_2733-300x225.jpg 300w, http:\/\/isepingenieria.cl\/wp-content\/uploads\/2022\/06\/IMG_2733-768x576.jpg 768w, http:\/\/isepingenieria.cl\/wp-content\/uploads\/2022\/06\/IMG_2733-1536x1152.jpg 1536w, http:\/\/isepingenieria.cl\/wp-content\/uploads\/2022\/06\/IMG_2733-2048x1536.jpg 2048w\" sizes=\"(max-width: 1024px) 100vw, 1024px\" \/><\/figure>\n\n\n\n<figure class=\"wp-block-image size-large\"><img loading=\"lazy\" width=\"1024\" height=\"768\" data-id=\"267\"  src=\"http:\/\/isepingenieria.cl\/new\/wp-content\/uploads\/2022\/06\/IMG_3482-1024x768.jpg\" alt=\"\" class=\"wp-image-267\" srcset=\"http:\/\/isepingenieria.cl\/wp-content\/uploads\/2022\/06\/IMG_3482-1024x768.jpg 1024w, http:\/\/isepingenieria.cl\/wp-content\/uploads\/2022\/06\/IMG_3482-300x225.jpg 300w, http:\/\/isepingenieria.cl\/wp-content\/uploads\/2022\/06\/IMG_3482-768x576.jpg 768w, http:\/\/isepingenieria.cl\/wp-content\/uploads\/2022\/06\/IMG_3482-1536x1152.jpg 1536w, http:\/\/isepingenieria.cl\/wp-content\/uploads\/2022\/06\/IMG_3482-2048x1536.jpg 2048w\" sizes=\"(max-width: 1024px) 100vw, 1024px\" \/><\/figure>\n\n\n\n<figure class=\"wp-block-image size-large\"><img loading=\"lazy\" width=\"1024\" height=\"768\" data-id=\"266\"  src=\"http:\/\/isepingenieria.cl\/new\/wp-content\/uploads\/2022\/06\/IMG_3510-1024x768.jpg\" alt=\"\" class=\"wp-image-266\" srcset=\"http:\/\/isepingenieria.cl\/wp-content\/uploads\/2022\/06\/IMG_3510-1024x768.jpg 1024w, http:\/\/isepingenieria.cl\/wp-content\/uploads\/2022\/06\/IMG_3510-300x225.jpg 300w, http:\/\/isepingenieria.cl\/wp-content\/uploads\/2022\/06\/IMG_3510-768x576.jpg 768w, http:\/\/isepingenieria.cl\/wp-content\/uploads\/2022\/06\/IMG_3510-1536x1152.jpg 1536w, http:\/\/isepingenieria.cl\/wp-content\/uploads\/2022\/06\/IMG_3510-2048x1536.jpg 2048w\" sizes=\"(max-width: 1024px) 100vw, 1024px\" \/><\/figure>\n\n\n\n<figure class=\"wp-block-image size-large\"><img loading=\"lazy\" width=\"1024\" height=\"768\" data-id=\"265\"  src=\"http:\/\/isepingenieria.cl\/new\/wp-content\/uploads\/2022\/06\/IMG_4088-1024x768.jpg\" alt=\"\" class=\"wp-image-265\" srcset=\"http:\/\/isepingenieria.cl\/wp-content\/uploads\/2022\/06\/IMG_4088-1024x768.jpg 1024w, http:\/\/isepingenieria.cl\/wp-content\/uploads\/2022\/06\/IMG_4088-300x225.jpg 300w, http:\/\/isepingenieria.cl\/wp-content\/uploads\/2022\/06\/IMG_4088-768x576.jpg 768w, http:\/\/isepingenieria.cl\/wp-content\/uploads\/2022\/06\/IMG_4088-1536x1152.jpg 1536w, http:\/\/isepingenieria.cl\/wp-content\/uploads\/2022\/06\/IMG_4088-2048x1536.jpg 2048w\" sizes=\"(max-width: 1024px) 100vw, 1024px\" \/><\/figure>\n\n\n\n<figure class=\"wp-block-image size-large\"><img loading=\"lazy\" width=\"1024\" height=\"768\" data-id=\"264\"  src=\"http:\/\/isepingenieria.cl\/new\/wp-content\/uploads\/2022\/06\/IMG_4097-1024x768.jpg\" alt=\"\" class=\"wp-image-264\" srcset=\"http:\/\/isepingenieria.cl\/wp-content\/uploads\/2022\/06\/IMG_4097-1024x768.jpg 1024w, http:\/\/isepingenieria.cl\/wp-content\/uploads\/2022\/06\/IMG_4097-300x225.jpg 300w, http:\/\/isepingenieria.cl\/wp-content\/uploads\/2022\/06\/IMG_4097-768x576.jpg 768w, http:\/\/isepingenieria.cl\/wp-content\/uploads\/2022\/06\/IMG_4097-1536x1152.jpg 1536w, http:\/\/isepingenieria.cl\/wp-content\/uploads\/2022\/06\/IMG_4097-2048x1536.jpg 2048w\" sizes=\"(max-width: 1024px) 100vw, 1024px\" \/><\/figure>\n\n\n\n<figure class=\"wp-block-image size-large\"><img loading=\"lazy\" width=\"1024\" height=\"768\" data-id=\"270\"  src=\"http:\/\/isepingenieria.cl\/new\/wp-content\/uploads\/2022\/06\/IMG_4356-1024x768.jpg\" alt=\"\" class=\"wp-image-270\" srcset=\"http:\/\/isepingenieria.cl\/wp-content\/uploads\/2022\/06\/IMG_4356-1024x768.jpg 1024w, http:\/\/isepingenieria.cl\/wp-content\/uploads\/2022\/06\/IMG_4356-300x225.jpg 300w, http:\/\/isepingenieria.cl\/wp-content\/uploads\/2022\/06\/IMG_4356-768x576.jpg 768w, http:\/\/isepingenieria.cl\/wp-content\/uploads\/2022\/06\/IMG_4356-1536x1152.jpg 1536w, http:\/\/isepingenieria.cl\/wp-content\/uploads\/2022\/06\/IMG_4356-2048x1536.jpg 2048w\" sizes=\"(max-width: 1024px) 100vw, 1024px\" \/><\/figure>\n\n\n\n<figure class=\"wp-block-image size-large\"><img loading=\"lazy\" width=\"1024\" height=\"768\" data-id=\"271\"  src=\"http:\/\/isepingenieria.cl\/new\/wp-content\/uploads\/2022\/06\/IMG_4711-1024x768.jpg\" alt=\"\" class=\"wp-image-271\" srcset=\"http:\/\/isepingenieria.cl\/wp-content\/uploads\/2022\/06\/IMG_4711-1024x768.jpg 1024w, http:\/\/isepingenieria.cl\/wp-content\/uploads\/2022\/06\/IMG_4711-300x225.jpg 300w, http:\/\/isepingenieria.cl\/wp-content\/uploads\/2022\/06\/IMG_4711-768x576.jpg 768w, http:\/\/isepingenieria.cl\/wp-content\/uploads\/2022\/06\/IMG_4711-1536x1152.jpg 1536w, http:\/\/isepingenieria.cl\/wp-content\/uploads\/2022\/06\/IMG_4711-2048x1536.jpg 2048w\" sizes=\"(max-width: 1024px) 100vw, 1024px\" \/><\/figure>\n\n\n\n<figure class=\"wp-block-image size-large\"><img loading=\"lazy\" width=\"1024\" height=\"768\" data-id=\"273\"  src=\"http:\/\/isepingenieria.cl\/new\/wp-content\/uploads\/2022\/06\/IMG_4713-1024x768.jpg\" alt=\"\" class=\"wp-image-273\" srcset=\"http:\/\/isepingenieria.cl\/wp-content\/uploads\/2022\/06\/IMG_4713-1024x768.jpg 1024w, http:\/\/isepingenieria.cl\/wp-content\/uploads\/2022\/06\/IMG_4713-300x225.jpg 300w, http:\/\/isepingenieria.cl\/wp-content\/uploads\/2022\/06\/IMG_4713-768x576.jpg 768w, http:\/\/isepingenieria.cl\/wp-content\/uploads\/2022\/06\/IMG_4713-1536x1152.jpg 1536w, http:\/\/isepingenieria.cl\/wp-content\/uploads\/2022\/06\/IMG_4713-2048x1536.jpg 2048w\" sizes=\"(max-width: 1024px) 100vw, 1024px\" \/><\/figure>\n\n\n\n<figure class=\"wp-block-image size-large\"><img loading=\"lazy\" width=\"1024\" height=\"768\" data-id=\"272\"  src=\"http:\/\/isepingenieria.cl\/new\/wp-content\/uploads\/2022\/06\/IMG_4860-1024x768.jpg\" alt=\"\" class=\"wp-image-272\" srcset=\"http:\/\/isepingenieria.cl\/wp-content\/uploads\/2022\/06\/IMG_4860-1024x768.jpg 1024w, http:\/\/isepingenieria.cl\/wp-content\/uploads\/2022\/06\/IMG_4860-300x225.jpg 300w, http:\/\/isepingenieria.cl\/wp-content\/uploads\/2022\/06\/IMG_4860-768x576.jpg 768w, http:\/\/isepingenieria.cl\/wp-content\/uploads\/2022\/06\/IMG_4860-1536x1152.jpg 1536w, http:\/\/isepingenieria.cl\/wp-content\/uploads\/2022\/06\/IMG_4860-2048x1536.jpg 2048w\" sizes=\"(max-width: 1024px) 100vw, 1024px\" \/><\/figure>\n\n\n\n<figure class=\"wp-block-image size-large\"><img loading=\"lazy\" width=\"1024\" height=\"768\" data-id=\"275\"  src=\"http:\/\/isepingenieria.cl\/new\/wp-content\/uploads\/2022\/06\/IMG_6073-1024x768.jpg\" alt=\"\" class=\"wp-image-275\" srcset=\"http:\/\/isepingenieria.cl\/wp-content\/uploads\/2022\/06\/IMG_6073-1024x768.jpg 1024w, http:\/\/isepingenieria.cl\/wp-content\/uploads\/2022\/06\/IMG_6073-300x225.jpg 300w, http:\/\/isepingenieria.cl\/wp-content\/uploads\/2022\/06\/IMG_6073-768x576.jpg 768w, http:\/\/isepingenieria.cl\/wp-content\/uploads\/2022\/06\/IMG_6073-1536x1152.jpg 1536w, http:\/\/isepingenieria.cl\/wp-content\/uploads\/2022\/06\/IMG_6073-2048x1536.jpg 2048w\" sizes=\"(max-width: 1024px) 100vw, 1024px\" \/><\/figure>\n\n\n\n<figure class=\"wp-block-image size-large\"><img loading=\"lazy\" width=\"1024\" height=\"768\" data-id=\"274\"  src=\"http:\/\/isepingenieria.cl\/new\/wp-content\/uploads\/2022\/06\/IMG_6077-1024x768.jpg\" alt=\"\" class=\"wp-image-274\" srcset=\"http:\/\/isepingenieria.cl\/wp-content\/uploads\/2022\/06\/IMG_6077-1024x768.jpg 1024w, http:\/\/isepingenieria.cl\/wp-content\/uploads\/2022\/06\/IMG_6077-300x225.jpg 300w, http:\/\/isepingenieria.cl\/wp-content\/uploads\/2022\/06\/IMG_6077-768x576.jpg 768w, http:\/\/isepingenieria.cl\/wp-content\/uploads\/2022\/06\/IMG_6077-1536x1152.jpg 1536w, http:\/\/isepingenieria.cl\/wp-content\/uploads\/2022\/06\/IMG_6077-2048x1536.jpg 2048w\" sizes=\"(max-width: 1024px) 100vw, 1024px\" \/><\/figure>\n\n\n\n<figure class=\"wp-block-image size-large\"><img loading=\"lazy\" width=\"1024\" height=\"768\" data-id=\"276\"  src=\"http:\/\/isepingenieria.cl\/new\/wp-content\/uploads\/2022\/06\/IMG_7199-1024x768.jpg\" alt=\"\" class=\"wp-image-276\" srcset=\"http:\/\/isepingenieria.cl\/wp-content\/uploads\/2022\/06\/IMG_7199-1024x768.jpg 1024w, http:\/\/isepingenieria.cl\/wp-content\/uploads\/2022\/06\/IMG_7199-300x225.jpg 300w, http:\/\/isepingenieria.cl\/wp-content\/uploads\/2022\/06\/IMG_7199-768x576.jpg 768w, http:\/\/isepingenieria.cl\/wp-content\/uploads\/2022\/06\/IMG_7199-1536x1152.jpg 1536w, http:\/\/isepingenieria.cl\/wp-content\/uploads\/2022\/06\/IMG_7199-2048x1536.jpg 2048w\" sizes=\"(max-width: 1024px) 100vw, 1024px\" \/><\/figure>\n\n\n\n<figure class=\"wp-block-image size-large\"><img loading=\"lazy\" width=\"1024\" height=\"768\" data-id=\"278\"  src=\"http:\/\/isepingenieria.cl\/new\/wp-content\/uploads\/2022\/06\/IMG_7283-1024x768.jpg\" alt=\"\" class=\"wp-image-278\" srcset=\"http:\/\/isepingenieria.cl\/wp-content\/uploads\/2022\/06\/IMG_7283-1024x768.jpg 1024w, http:\/\/isepingenieria.cl\/wp-content\/uploads\/2022\/06\/IMG_7283-300x225.jpg 300w, http:\/\/isepingenieria.cl\/wp-content\/uploads\/2022\/06\/IMG_7283-768x576.jpg 768w, http:\/\/isepingenieria.cl\/wp-content\/uploads\/2022\/06\/IMG_7283-1536x1152.jpg 1536w, http:\/\/isepingenieria.cl\/wp-content\/uploads\/2022\/06\/IMG_7283-2048x1536.jpg 2048w\" sizes=\"(max-width: 1024px) 100vw, 1024px\" \/><\/figure>\n\n\n\n<figure class=\"wp-block-image size-large\"><img loading=\"lazy\" width=\"1024\" height=\"768\" data-id=\"277\"  src=\"http:\/\/isepingenieria.cl\/new\/wp-content\/uploads\/2022\/06\/IMG_8220-1024x768.jpg\" alt=\"\" class=\"wp-image-277\" srcset=\"http:\/\/isepingenieria.cl\/wp-content\/uploads\/2022\/06\/IMG_8220-1024x768.jpg 1024w, http:\/\/isepingenieria.cl\/wp-content\/uploads\/2022\/06\/IMG_8220-300x225.jpg 300w, http:\/\/isepingenieria.cl\/wp-content\/uploads\/2022\/06\/IMG_8220-768x576.jpg 768w, http:\/\/isepingenieria.cl\/wp-content\/uploads\/2022\/06\/IMG_8220-1536x1152.jpg 1536w, http:\/\/isepingenieria.cl\/wp-content\/uploads\/2022\/06\/IMG_8220-2048x1536.jpg 2048w\" sizes=\"(max-width: 1024px) 100vw, 1024px\" \/><\/figure>\n<\/figure>\n","protected":false},"excerpt":{"rendered":"<p>Verificaci\u00f3n de operaci\u00f3n mec\u00e1nica del interruptor. Medici\u00f3n de resistencia de aislaci\u00f3n de los polos entre fases y fase-tierra Medici\u00f3n de la resistencia de contacto de los 3 polos del interruptor. Medici\u00f3n de tiempos de operaci\u00f3n. Medici\u00f3n de simultaneidad. Limpieza y apriete de conexiones del equipo. Informe t\u00e9cnico Nuestros Servicios Mantenci\u00f3n Preventiva Transformadores Mantenci\u00f3n Correctiva Transformadores [&hellip;]<\/p>\n","protected":false},"author":2,"featured_media":0,"parent":0,"menu_order":0,"comment_status":"closed","ping_status":"closed","template":"","meta":[],"_links":{"self":[{"href":"http:\/\/isepingenieria.cl\/index.php\/wp-json\/wp\/v2\/pages\/263"}],"collection":[{"href":"http:\/\/isepingenieria.cl\/index.php\/wp-json\/wp\/v2\/pages"}],"about":[{"href":"http:\/\/isepingenieria.cl\/index.php\/wp-json\/wp\/v2\/types\/page"}],"author":[{"embeddable":true,"href":"http:\/\/isepingenieria.cl\/index.php\/wp-json\/wp\/v2\/users\/2"}],"replies":[{"embeddable":true,"href":"http:\/\/isepingenieria.cl\/index.php\/wp-json\/wp\/v2\/comments?post=263"}],"version-history":[{"count":3,"href":"http:\/\/isepingenieria.cl\/index.php\/wp-json\/wp\/v2\/pages\/263\/revisions"}],"predecessor-version":[{"id":389,"href":"http:\/\/isepingenieria.cl\/index.php\/wp-json\/wp\/v2\/pages\/263\/revisions\/389"}],"wp:attachment":[{"href":"http:\/\/isepingenieria.cl\/index.php\/wp-json\/wp\/v2\/media?parent=263"}],"curies":[{"name":"wp","href":"https:\/\/api.w.org\/{rel}","templated":true}]}}