{"id":296,"date":"2022-06-22T17:22:39","date_gmt":"2022-06-22T20:22:39","guid":{"rendered":"http:\/\/isepingenieria.cl\/new\/?page_id=296"},"modified":"2022-06-22T18:35:42","modified_gmt":"2022-06-22T21:35:42","slug":"mant-banco-condensadores-y-tableros-electricos","status":"publish","type":"page","link":"http:\/\/isepingenieria.cl\/index.php\/mant-banco-condensadores-y-tableros-electricos\/","title":{"rendered":"Mant. Banco Condensadores y Tableros El\u00e9ctricos"},"content":{"rendered":"\n<hr class=\"wp-block-separator alignwide has-text-color has-alpha-channel-opacity has-background is-style-wide\" style=\"background-color:#2f6535;color:#2f6535\"\/>\n\n\n\n<div class=\"wp-container-4 wp-block-columns alignwide\">\n<div class=\"wp-container-1 wp-block-column\" style=\"flex-basis:66.66%\">\n<p class=\"has-small-font-size\"><strong>Mantenci\u00f3n Banco Condensadores<\/strong><\/p>\n\n\n\n<ul class=\"has-small-font-size\"><li>Medici\u00f3n de aislaci\u00f3n.<\/li><li>Medici\u00f3n de capacidad.<\/li><li>Medici\u00f3n de corriente de trabajo.<\/li><li>Limpieza y apriete de conexiones.<\/li><li>Informe t\u00e9cnico.<\/li><\/ul>\n\n\n\n<p class=\"has-small-font-size\"><strong>Mantenci\u00f3n Tableros El\u00e9ctricos<\/strong><\/p>\n\n\n\n<ul class=\"has-small-font-size\"><li>Inspecci\u00f3n Visual.<\/li><li>Apriete de conexiones mec\u00e1nicas.<\/li><li>Limpieza de aisladores con solvente diel\u00e9ctrico.<\/li><li>Limpieza general de gabinete.<\/li><li>Informe t\u00e9cnico.<\/li><\/ul>\n<\/div>\n\n\n\n<div class=\"wp-container-3 wp-block-column\" style=\"flex-basis:33.33%\">\n<h5 class=\"has-text-align-left\">            <strong>Nuestros Servicios<\/strong><\/h5>\n\n\n\n<ul class=\"has-small-font-size\"><li><a href=\"http:\/\/isepingenieria.cl\/index.php\/mantencion-preventiva-transformadores\/\">Mantenci\u00f3n Preventiva Transformadores<\/a><\/li><li><a href=\"http:\/\/isepingenieria.cl\/index.php\/mantencion-correctiva-transformadores\/\">Mantenci\u00f3n Correctiva Transformadores<\/a><\/li><li><a href=\"http:\/\/isepingenieria.cl\/index.php\/mantencion-a-transformadores-secos\/\">Mantenci\u00f3n a Transformadores Secos<\/a><\/li><li><a href=\"http:\/\/isepingenieria.cl\/index.php\/analisis-aceite-transformador\/\">An\u00e1lisis Aceite Transformador<\/a><\/li><li><a href=\"http:\/\/isepingenieria.cl\/index.php\/mantencion-de-interruptores\/\">Mantenci\u00f3n de Interruptores<\/a><\/li><li><a href=\"http:\/\/isepingenieria.cl\/index.php\/mantencion-de-celdas-y-desconectores-de-m-t\/\">Mantenci\u00f3n de celdas y desconectores de media tensi\u00f3n<\/a><\/li><li><a href=\"http:\/\/isepingenieria.cl\/index.php\/mant-banco-condensadores-y-tableros-electricos\/\">Mantenci\u00f3n Banco Condensadores y Tableros El\u00e9ctricos<\/a><\/li><li><a href=\"http:\/\/isepingenieria.cl\/index.php\/mantencion-de-lineas-de-mediana-tension\/\">Mantenci\u00f3n de L\u00edneas de Media Tensi\u00f3n<\/a><\/li><li><a href=\"http:\/\/isepingenieria.cl\/index.php\/montaje-de-ss-ee\/\">Montaje de SS\/EE<\/a><\/li><\/ul>\n\n\n\n<div class=\"wp-container-2 wp-block-buttons\">\n<div class=\"wp-block-button aligncenter\"><a class=\"wp-block-button__link has-background\" href=\"http:\/\/isepingenieria.cl\/index.php\/contacto\/\" style=\"background-color:#2f6535\"><strong>Cont\u00e1ctanos<\/strong><\/a><\/div>\n<\/div>\n<\/div>\n<\/div>\n\n\n\n<figure class=\"wp-container-6 wp-block-gallery-5 wp-block-gallery alignwide has-nested-images columns-default is-cropped\">\n<figure class=\"wp-block-image size-large\"><img loading=\"lazy\" width=\"1024\" height=\"768\" data-id=\"297\"  src=\"http:\/\/isepingenieria.cl\/new\/wp-content\/uploads\/2022\/06\/20201010_155218-1024x768.jpg\" alt=\"\" class=\"wp-image-297\" srcset=\"http:\/\/isepingenieria.cl\/wp-content\/uploads\/2022\/06\/20201010_155218-1024x768.jpg 1024w, http:\/\/isepingenieria.cl\/wp-content\/uploads\/2022\/06\/20201010_155218-300x225.jpg 300w, http:\/\/isepingenieria.cl\/wp-content\/uploads\/2022\/06\/20201010_155218-768x576.jpg 768w, http:\/\/isepingenieria.cl\/wp-content\/uploads\/2022\/06\/20201010_155218-1536x1152.jpg 1536w, http:\/\/isepingenieria.cl\/wp-content\/uploads\/2022\/06\/20201010_155218-2048x1536.jpg 2048w\" sizes=\"(max-width: 1024px) 100vw, 1024px\" \/><\/figure>\n\n\n\n<figure class=\"wp-block-image size-large\"><img loading=\"lazy\" width=\"1024\" height=\"768\" data-id=\"301\"  src=\"http:\/\/isepingenieria.cl\/new\/wp-content\/uploads\/2022\/06\/IMG_2180-1024x768.jpg\" alt=\"\" class=\"wp-image-301\" srcset=\"http:\/\/isepingenieria.cl\/wp-content\/uploads\/2022\/06\/IMG_2180-1024x768.jpg 1024w, http:\/\/isepingenieria.cl\/wp-content\/uploads\/2022\/06\/IMG_2180-300x225.jpg 300w, http:\/\/isepingenieria.cl\/wp-content\/uploads\/2022\/06\/IMG_2180-768x576.jpg 768w, http:\/\/isepingenieria.cl\/wp-content\/uploads\/2022\/06\/IMG_2180-1536x1152.jpg 1536w, http:\/\/isepingenieria.cl\/wp-content\/uploads\/2022\/06\/IMG_2180-2048x1536.jpg 2048w\" sizes=\"(max-width: 1024px) 100vw, 1024px\" \/><\/figure>\n\n\n\n<figure class=\"wp-block-image size-large\"><img loading=\"lazy\" width=\"1024\" height=\"768\" data-id=\"300\"  src=\"http:\/\/isepingenieria.cl\/new\/wp-content\/uploads\/2022\/06\/IMG_5378-1024x768.jpg\" alt=\"\" class=\"wp-image-300\" srcset=\"http:\/\/isepingenieria.cl\/wp-content\/uploads\/2022\/06\/IMG_5378-1024x768.jpg 1024w, http:\/\/isepingenieria.cl\/wp-content\/uploads\/2022\/06\/IMG_5378-300x225.jpg 300w, http:\/\/isepingenieria.cl\/wp-content\/uploads\/2022\/06\/IMG_5378-768x576.jpg 768w, http:\/\/isepingenieria.cl\/wp-content\/uploads\/2022\/06\/IMG_5378-1536x1152.jpg 1536w, http:\/\/isepingenieria.cl\/wp-content\/uploads\/2022\/06\/IMG_5378-2048x1536.jpg 2048w\" sizes=\"(max-width: 1024px) 100vw, 1024px\" \/><\/figure>\n\n\n\n<figure class=\"wp-block-image size-large\"><img loading=\"lazy\" width=\"1024\" height=\"768\" data-id=\"299\"  src=\"http:\/\/isepingenieria.cl\/new\/wp-content\/uploads\/2022\/06\/IMG_7406-1024x768.jpg\" alt=\"\" class=\"wp-image-299\" srcset=\"http:\/\/isepingenieria.cl\/wp-content\/uploads\/2022\/06\/IMG_7406-1024x768.jpg 1024w, http:\/\/isepingenieria.cl\/wp-content\/uploads\/2022\/06\/IMG_7406-300x225.jpg 300w, http:\/\/isepingenieria.cl\/wp-content\/uploads\/2022\/06\/IMG_7406-768x576.jpg 768w, http:\/\/isepingenieria.cl\/wp-content\/uploads\/2022\/06\/IMG_7406-1536x1152.jpg 1536w, http:\/\/isepingenieria.cl\/wp-content\/uploads\/2022\/06\/IMG_7406-2048x1536.jpg 2048w\" sizes=\"(max-width: 1024px) 100vw, 1024px\" \/><\/figure>\n\n\n\n<figure class=\"wp-block-image size-large\"><img loading=\"lazy\" width=\"1024\" height=\"768\" data-id=\"307\"  src=\"http:\/\/isepingenieria.cl\/new\/wp-content\/uploads\/2022\/06\/IMG_7411-1024x768.jpg\" alt=\"\" class=\"wp-image-307\" srcset=\"http:\/\/isepingenieria.cl\/wp-content\/uploads\/2022\/06\/IMG_7411-1024x768.jpg 1024w, http:\/\/isepingenieria.cl\/wp-content\/uploads\/2022\/06\/IMG_7411-300x225.jpg 300w, http:\/\/isepingenieria.cl\/wp-content\/uploads\/2022\/06\/IMG_7411-768x576.jpg 768w, http:\/\/isepingenieria.cl\/wp-content\/uploads\/2022\/06\/IMG_7411-1536x1152.jpg 1536w, http:\/\/isepingenieria.cl\/wp-content\/uploads\/2022\/06\/IMG_7411-2048x1536.jpg 2048w\" sizes=\"(max-width: 1024px) 100vw, 1024px\" \/><\/figure>\n\n\n\n<figure class=\"wp-block-image size-large\"><img loading=\"lazy\" width=\"1024\" height=\"768\" data-id=\"298\"  src=\"http:\/\/isepingenieria.cl\/new\/wp-content\/uploads\/2022\/06\/IMG_7846-1024x768.jpg\" alt=\"\" class=\"wp-image-298\" srcset=\"http:\/\/isepingenieria.cl\/wp-content\/uploads\/2022\/06\/IMG_7846-1024x768.jpg 1024w, http:\/\/isepingenieria.cl\/wp-content\/uploads\/2022\/06\/IMG_7846-300x225.jpg 300w, http:\/\/isepingenieria.cl\/wp-content\/uploads\/2022\/06\/IMG_7846-768x576.jpg 768w, http:\/\/isepingenieria.cl\/wp-content\/uploads\/2022\/06\/IMG_7846-1536x1152.jpg 1536w, http:\/\/isepingenieria.cl\/wp-content\/uploads\/2022\/06\/IMG_7846-2048x1536.jpg 2048w\" sizes=\"(max-width: 1024px) 100vw, 1024px\" \/><\/figure>\n\n\n\n<figure class=\"wp-block-image size-large\"><img loading=\"lazy\" width=\"1024\" height=\"768\" data-id=\"303\"  src=\"http:\/\/isepingenieria.cl\/new\/wp-content\/uploads\/2022\/06\/IMG_7895-1024x768.jpg\" alt=\"\" class=\"wp-image-303\" srcset=\"http:\/\/isepingenieria.cl\/wp-content\/uploads\/2022\/06\/IMG_7895-1024x768.jpg 1024w, http:\/\/isepingenieria.cl\/wp-content\/uploads\/2022\/06\/IMG_7895-300x225.jpg 300w, http:\/\/isepingenieria.cl\/wp-content\/uploads\/2022\/06\/IMG_7895-768x576.jpg 768w, http:\/\/isepingenieria.cl\/wp-content\/uploads\/2022\/06\/IMG_7895-1536x1152.jpg 1536w, http:\/\/isepingenieria.cl\/wp-content\/uploads\/2022\/06\/IMG_7895-2048x1536.jpg 2048w\" sizes=\"(max-width: 1024px) 100vw, 1024px\" \/><\/figure>\n\n\n\n<figure class=\"wp-block-image size-large\"><img loading=\"lazy\" width=\"1024\" height=\"768\" data-id=\"302\"  src=\"http:\/\/isepingenieria.cl\/new\/wp-content\/uploads\/2022\/06\/IMG_8153-1024x768.jpg\" alt=\"\" class=\"wp-image-302\" srcset=\"http:\/\/isepingenieria.cl\/wp-content\/uploads\/2022\/06\/IMG_8153-1024x768.jpg 1024w, http:\/\/isepingenieria.cl\/wp-content\/uploads\/2022\/06\/IMG_8153-300x225.jpg 300w, http:\/\/isepingenieria.cl\/wp-content\/uploads\/2022\/06\/IMG_8153-768x576.jpg 768w, http:\/\/isepingenieria.cl\/wp-content\/uploads\/2022\/06\/IMG_8153-1536x1152.jpg 1536w, http:\/\/isepingenieria.cl\/wp-content\/uploads\/2022\/06\/IMG_8153-2048x1536.jpg 2048w\" sizes=\"(max-width: 1024px) 100vw, 1024px\" \/><\/figure>\n\n\n\n<figure class=\"wp-block-image size-large\"><img loading=\"lazy\" width=\"1024\" height=\"768\" data-id=\"304\"  src=\"http:\/\/isepingenieria.cl\/new\/wp-content\/uploads\/2022\/06\/IMG_8296-1024x768.jpg\" alt=\"\" class=\"wp-image-304\" srcset=\"http:\/\/isepingenieria.cl\/wp-content\/uploads\/2022\/06\/IMG_8296-1024x768.jpg 1024w, http:\/\/isepingenieria.cl\/wp-content\/uploads\/2022\/06\/IMG_8296-300x225.jpg 300w, http:\/\/isepingenieria.cl\/wp-content\/uploads\/2022\/06\/IMG_8296-768x576.jpg 768w, http:\/\/isepingenieria.cl\/wp-content\/uploads\/2022\/06\/IMG_8296-1536x1152.jpg 1536w, http:\/\/isepingenieria.cl\/wp-content\/uploads\/2022\/06\/IMG_8296-2048x1536.jpg 2048w\" sizes=\"(max-width: 1024px) 100vw, 1024px\" \/><\/figure>\n\n\n\n<figure class=\"wp-block-image size-large\"><img loading=\"lazy\" width=\"1024\" height=\"768\" data-id=\"306\"  src=\"http:\/\/isepingenieria.cl\/new\/wp-content\/uploads\/2022\/06\/IMG_9054-1024x768.jpg\" alt=\"\" class=\"wp-image-306\" srcset=\"http:\/\/isepingenieria.cl\/wp-content\/uploads\/2022\/06\/IMG_9054-1024x768.jpg 1024w, http:\/\/isepingenieria.cl\/wp-content\/uploads\/2022\/06\/IMG_9054-300x225.jpg 300w, http:\/\/isepingenieria.cl\/wp-content\/uploads\/2022\/06\/IMG_9054-768x576.jpg 768w, http:\/\/isepingenieria.cl\/wp-content\/uploads\/2022\/06\/IMG_9054-1536x1152.jpg 1536w, http:\/\/isepingenieria.cl\/wp-content\/uploads\/2022\/06\/IMG_9054-2048x1536.jpg 2048w\" sizes=\"(max-width: 1024px) 100vw, 1024px\" \/><\/figure>\n\n\n\n<figure class=\"wp-block-image size-large\"><img loading=\"lazy\" width=\"1024\" height=\"768\" data-id=\"305\"  src=\"http:\/\/isepingenieria.cl\/new\/wp-content\/uploads\/2022\/06\/IMG_9075-1024x768.jpg\" alt=\"\" class=\"wp-image-305\" srcset=\"http:\/\/isepingenieria.cl\/wp-content\/uploads\/2022\/06\/IMG_9075-1024x768.jpg 1024w, http:\/\/isepingenieria.cl\/wp-content\/uploads\/2022\/06\/IMG_9075-300x225.jpg 300w, http:\/\/isepingenieria.cl\/wp-content\/uploads\/2022\/06\/IMG_9075-768x576.jpg 768w, http:\/\/isepingenieria.cl\/wp-content\/uploads\/2022\/06\/IMG_9075-1536x1152.jpg 1536w, http:\/\/isepingenieria.cl\/wp-content\/uploads\/2022\/06\/IMG_9075-2048x1536.jpg 2048w\" sizes=\"(max-width: 1024px) 100vw, 1024px\" \/><\/figure>\n<\/figure>\n","protected":false},"excerpt":{"rendered":"<p>Mantenci\u00f3n Banco Condensadores Medici\u00f3n de aislaci\u00f3n. Medici\u00f3n de capacidad. Medici\u00f3n de corriente de trabajo. Limpieza y apriete de conexiones. Informe t\u00e9cnico. Mantenci\u00f3n Tableros El\u00e9ctricos Inspecci\u00f3n Visual. Apriete de conexiones mec\u00e1nicas. Limpieza de aisladores con solvente diel\u00e9ctrico. Limpieza general de gabinete. Informe t\u00e9cnico. Nuestros Servicios Mantenci\u00f3n Preventiva Transformadores Mantenci\u00f3n Correctiva Transformadores Mantenci\u00f3n a Transformadores Secos An\u00e1lisis [&hellip;]<\/p>\n","protected":false},"author":2,"featured_media":0,"parent":0,"menu_order":0,"comment_status":"closed","ping_status":"closed","template":"","meta":[],"_links":{"self":[{"href":"http:\/\/isepingenieria.cl\/index.php\/wp-json\/wp\/v2\/pages\/296"}],"collection":[{"href":"http:\/\/isepingenieria.cl\/index.php\/wp-json\/wp\/v2\/pages"}],"about":[{"href":"http:\/\/isepingenieria.cl\/index.php\/wp-json\/wp\/v2\/types\/page"}],"author":[{"embeddable":true,"href":"http:\/\/isepingenieria.cl\/index.php\/wp-json\/wp\/v2\/users\/2"}],"replies":[{"embeddable":true,"href":"http:\/\/isepingenieria.cl\/index.php\/wp-json\/wp\/v2\/comments?post=296"}],"version-history":[{"count":4,"href":"http:\/\/isepingenieria.cl\/index.php\/wp-json\/wp\/v2\/pages\/296\/revisions"}],"predecessor-version":[{"id":383,"href":"http:\/\/isepingenieria.cl\/index.php\/wp-json\/wp\/v2\/pages\/296\/revisions\/383"}],"wp:attachment":[{"href":"http:\/\/isepingenieria.cl\/index.php\/wp-json\/wp\/v2\/media?parent=296"}],"curies":[{"name":"wp","href":"https:\/\/api.w.org\/{rel}","templated":true}]}}