{"id":311,"date":"2022-06-22T17:30:16","date_gmt":"2022-06-22T20:30:16","guid":{"rendered":"http:\/\/isepingenieria.cl\/new\/?page_id=311"},"modified":"2022-06-22T18:43:30","modified_gmt":"2022-06-22T21:43:30","slug":"mantencion-de-lineas-de-mediana-tension","status":"publish","type":"page","link":"http:\/\/isepingenieria.cl\/index.php\/mantencion-de-lineas-de-mediana-tension\/","title":{"rendered":"Mantenci\u00f3n de L\u00edneas de Mediana Tensi\u00f3n"},"content":{"rendered":"\n<hr class=\"wp-block-separator alignwide has-text-color has-alpha-channel-opacity has-background is-style-wide\" style=\"background-color:#2f6535;color:#2f6535\"\/>\n\n\n\n<div class=\"wp-container-5 wp-block-columns alignwide\">\n<div class=\"wp-container-1 wp-block-column\" style=\"flex-basis:66.66%\">\n<p class=\"has-small-font-size\"><strong>L\u00edneas A\u00e9reas<\/strong><\/p>\n\n\n\n<ul class=\"has-small-font-size\"><li>Inspecci\u00f3n Visual.<\/li><li>Apriete de conexiones mec\u00e1nicas \u2013 ferreter\u00eda.<\/li><li>Limpieza de aisladores con solvente diel\u00e9ctrico.<\/li><li>Despeje de l\u00edneas de distribuci\u00f3n.<\/li><li>Roce \u2013 poda de \u00e1rboles<\/li><li>Informe t\u00e9cnico.<\/li><\/ul>\n\n\n\n<p class=\"has-small-font-size\"><strong>L\u00edneas Subterr\u00e1neas<\/strong><\/p>\n\n\n\n<ul class=\"has-small-font-size\"><li>Inspecci\u00f3n Visual.<\/li><li>Mantenci\u00f3n de c\u00e1maras<\/li><li>Fabricaci\u00f3n de mufas<\/li><li>Pruebas el\u00e9ctricas Hi Pot, \u00cdndice de polarizaci\u00f3n<\/li><li>Informe t\u00e9cnico<\/li><\/ul>\n<\/div>\n\n\n\n<div class=\"wp-container-4 wp-block-column\" style=\"flex-basis:33.33%\">\n<h5 class=\"has-text-align-left\">            <strong>Nuestros Servicios<\/strong><\/h5>\n\n\n\n<ul class=\"has-small-font-size\"><li><a href=\"http:\/\/isepingenieria.cl\/index.php\/mantencion-preventiva-transformadores\/\">Mantenci\u00f3n Preventiva Transformadores<\/a><\/li><li><a href=\"http:\/\/isepingenieria.cl\/index.php\/mantencion-correctiva-transformadores\/\">Mantenci\u00f3n Correctiva Transformadores<\/a><\/li><li><a href=\"http:\/\/isepingenieria.cl\/index.php\/mantencion-a-transformadores-secos\/\">Mantenci\u00f3n a Transformadores Secos<\/a><\/li><li><a href=\"http:\/\/isepingenieria.cl\/index.php\/analisis-aceite-transformador\/\">An\u00e1lisis Aceite Transformador<\/a><\/li><li><a href=\"http:\/\/isepingenieria.cl\/index.php\/mantencion-de-interruptores\/\">Mantenci\u00f3n de Interruptores<\/a><\/li><li><a href=\"http:\/\/isepingenieria.cl\/index.php\/mantencion-de-celdas-y-desconectores-de-m-t\/\">Mantenci\u00f3n de celdas y desconectores de media tensi\u00f3n<\/a><\/li><li><a href=\"http:\/\/isepingenieria.cl\/index.php\/mant-banco-condensadores-y-tableros-electricos\/\">Mantenci\u00f3n Banco Condensadores y Tableros El\u00e9ctricos<\/a><\/li><li><a href=\"http:\/\/isepingenieria.cl\/index.php\/mantencion-de-lineas-de-mediana-tension\/\">Mantenci\u00f3n de L\u00edneas de Media Tensi\u00f3n<\/a><\/li><li><a href=\"http:\/\/isepingenieria.cl\/index.php\/montaje-de-ss-ee\/\">Montaje de SS\/EE<\/a><\/li><\/ul>\n\n\n\n<div class=\"wp-container-2 wp-block-buttons\">\n<div class=\"wp-block-button aligncenter\"><a class=\"wp-block-button__link has-background\" href=\"http:\/\/isepingenieria.cl\/index.php\/contacto\/\" style=\"background-color:#2f6535\"><strong>Cont\u00e1ctanos<\/strong><\/a><\/div>\n<\/div>\n\n\n\n<div class=\"wp-container-3 wp-block-buttons\"><\/div>\n<\/div>\n<\/div>\n\n\n\n<figure class=\"wp-container-7 wp-block-gallery-6 wp-block-gallery alignwide has-nested-images columns-default is-cropped\">\n<figure class=\"wp-block-image size-large\"><img loading=\"lazy\" width=\"768\" height=\"1024\" data-id=\"312\"  src=\"http:\/\/isepingenieria.cl\/new\/wp-content\/uploads\/2022\/06\/f7e91819-489f-407e-b0ee-86bed27a6abd-768x1024.jpg\" alt=\"\" class=\"wp-image-312\" srcset=\"http:\/\/isepingenieria.cl\/wp-content\/uploads\/2022\/06\/f7e91819-489f-407e-b0ee-86bed27a6abd-768x1024.jpg 768w, http:\/\/isepingenieria.cl\/wp-content\/uploads\/2022\/06\/f7e91819-489f-407e-b0ee-86bed27a6abd-225x300.jpg 225w, http:\/\/isepingenieria.cl\/wp-content\/uploads\/2022\/06\/f7e91819-489f-407e-b0ee-86bed27a6abd.jpg 774w\" sizes=\"(max-width: 768px) 100vw, 768px\" \/><\/figure>\n\n\n\n<figure class=\"wp-block-image size-large\"><img loading=\"lazy\" width=\"1024\" height=\"768\" data-id=\"314\"  src=\"http:\/\/isepingenieria.cl\/new\/wp-content\/uploads\/2022\/06\/IMG_0232-copia-1024x768.jpg\" alt=\"\" class=\"wp-image-314\" srcset=\"http:\/\/isepingenieria.cl\/wp-content\/uploads\/2022\/06\/IMG_0232-copia-1024x768.jpg 1024w, http:\/\/isepingenieria.cl\/wp-content\/uploads\/2022\/06\/IMG_0232-copia-300x225.jpg 300w, http:\/\/isepingenieria.cl\/wp-content\/uploads\/2022\/06\/IMG_0232-copia-768x576.jpg 768w, http:\/\/isepingenieria.cl\/wp-content\/uploads\/2022\/06\/IMG_0232-copia-1536x1152.jpg 1536w, http:\/\/isepingenieria.cl\/wp-content\/uploads\/2022\/06\/IMG_0232-copia-2048x1536.jpg 2048w\" sizes=\"(max-width: 1024px) 100vw, 1024px\" \/><\/figure>\n\n\n\n<figure class=\"wp-block-image size-large\"><img loading=\"lazy\" width=\"768\" height=\"1024\" data-id=\"316\"  src=\"http:\/\/isepingenieria.cl\/new\/wp-content\/uploads\/2022\/06\/IMG_0236-768x1024.jpg\" alt=\"\" class=\"wp-image-316\" srcset=\"http:\/\/isepingenieria.cl\/wp-content\/uploads\/2022\/06\/IMG_0236-768x1024.jpg 768w, http:\/\/isepingenieria.cl\/wp-content\/uploads\/2022\/06\/IMG_0236-225x300.jpg 225w, http:\/\/isepingenieria.cl\/wp-content\/uploads\/2022\/06\/IMG_0236-1152x1536.jpg 1152w, http:\/\/isepingenieria.cl\/wp-content\/uploads\/2022\/06\/IMG_0236-1536x2048.jpg 1536w, http:\/\/isepingenieria.cl\/wp-content\/uploads\/2022\/06\/IMG_0236-scaled.jpg 1920w\" sizes=\"(max-width: 768px) 100vw, 768px\" \/><\/figure>\n\n\n\n<figure class=\"wp-block-image size-large\"><img loading=\"lazy\" width=\"1024\" height=\"768\" data-id=\"321\"  src=\"http:\/\/isepingenieria.cl\/new\/wp-content\/uploads\/2022\/06\/IMG_0363-1024x768.jpg\" alt=\"\" class=\"wp-image-321\" srcset=\"http:\/\/isepingenieria.cl\/wp-content\/uploads\/2022\/06\/IMG_0363-1024x768.jpg 1024w, http:\/\/isepingenieria.cl\/wp-content\/uploads\/2022\/06\/IMG_0363-300x225.jpg 300w, http:\/\/isepingenieria.cl\/wp-content\/uploads\/2022\/06\/IMG_0363-768x576.jpg 768w, http:\/\/isepingenieria.cl\/wp-content\/uploads\/2022\/06\/IMG_0363-1536x1152.jpg 1536w, http:\/\/isepingenieria.cl\/wp-content\/uploads\/2022\/06\/IMG_0363-2048x1536.jpg 2048w\" sizes=\"(max-width: 1024px) 100vw, 1024px\" \/><\/figure>\n\n\n\n<figure class=\"wp-block-image size-large\"><img loading=\"lazy\" width=\"1024\" height=\"768\" data-id=\"318\"  src=\"http:\/\/isepingenieria.cl\/new\/wp-content\/uploads\/2022\/06\/IMG_0645-1024x768.jpg\" alt=\"\" class=\"wp-image-318\" srcset=\"http:\/\/isepingenieria.cl\/wp-content\/uploads\/2022\/06\/IMG_0645-1024x768.jpg 1024w, http:\/\/isepingenieria.cl\/wp-content\/uploads\/2022\/06\/IMG_0645-300x225.jpg 300w, http:\/\/isepingenieria.cl\/wp-content\/uploads\/2022\/06\/IMG_0645-768x576.jpg 768w, http:\/\/isepingenieria.cl\/wp-content\/uploads\/2022\/06\/IMG_0645-1536x1152.jpg 1536w, http:\/\/isepingenieria.cl\/wp-content\/uploads\/2022\/06\/IMG_0645-2048x1536.jpg 2048w\" sizes=\"(max-width: 1024px) 100vw, 1024px\" \/><\/figure>\n\n\n\n<figure class=\"wp-block-image size-large\"><img loading=\"lazy\" width=\"1024\" height=\"768\" data-id=\"313\"  src=\"http:\/\/isepingenieria.cl\/new\/wp-content\/uploads\/2022\/06\/IMG_1103-1024x768.jpg\" alt=\"\" class=\"wp-image-313\" srcset=\"http:\/\/isepingenieria.cl\/wp-content\/uploads\/2022\/06\/IMG_1103-1024x768.jpg 1024w, http:\/\/isepingenieria.cl\/wp-content\/uploads\/2022\/06\/IMG_1103-300x225.jpg 300w, http:\/\/isepingenieria.cl\/wp-content\/uploads\/2022\/06\/IMG_1103-768x576.jpg 768w, http:\/\/isepingenieria.cl\/wp-content\/uploads\/2022\/06\/IMG_1103-1536x1152.jpg 1536w, http:\/\/isepingenieria.cl\/wp-content\/uploads\/2022\/06\/IMG_1103-2048x1536.jpg 2048w\" sizes=\"(max-width: 1024px) 100vw, 1024px\" \/><\/figure>\n\n\n\n<figure class=\"wp-block-image size-large\"><img loading=\"lazy\" width=\"1024\" height=\"768\" data-id=\"315\"  src=\"http:\/\/isepingenieria.cl\/new\/wp-content\/uploads\/2022\/06\/IMG_1202-1024x768.jpg\" alt=\"\" class=\"wp-image-315\" srcset=\"http:\/\/isepingenieria.cl\/wp-content\/uploads\/2022\/06\/IMG_1202-1024x768.jpg 1024w, http:\/\/isepingenieria.cl\/wp-content\/uploads\/2022\/06\/IMG_1202-300x225.jpg 300w, http:\/\/isepingenieria.cl\/wp-content\/uploads\/2022\/06\/IMG_1202-768x576.jpg 768w, http:\/\/isepingenieria.cl\/wp-content\/uploads\/2022\/06\/IMG_1202-1536x1152.jpg 1536w, http:\/\/isepingenieria.cl\/wp-content\/uploads\/2022\/06\/IMG_1202-2048x1536.jpg 2048w\" sizes=\"(max-width: 1024px) 100vw, 1024px\" \/><\/figure>\n\n\n\n<figure class=\"wp-block-image size-large\"><img loading=\"lazy\" width=\"1024\" height=\"768\" data-id=\"317\"  src=\"http:\/\/isepingenieria.cl\/new\/wp-content\/uploads\/2022\/06\/IMG_2716-1024x768.jpg\" alt=\"\" class=\"wp-image-317\" srcset=\"http:\/\/isepingenieria.cl\/wp-content\/uploads\/2022\/06\/IMG_2716-1024x768.jpg 1024w, http:\/\/isepingenieria.cl\/wp-content\/uploads\/2022\/06\/IMG_2716-300x225.jpg 300w, http:\/\/isepingenieria.cl\/wp-content\/uploads\/2022\/06\/IMG_2716-768x576.jpg 768w, http:\/\/isepingenieria.cl\/wp-content\/uploads\/2022\/06\/IMG_2716-1536x1152.jpg 1536w, http:\/\/isepingenieria.cl\/wp-content\/uploads\/2022\/06\/IMG_2716-2048x1536.jpg 2048w\" sizes=\"(max-width: 1024px) 100vw, 1024px\" \/><\/figure>\n\n\n\n<figure class=\"wp-block-image size-large\"><img loading=\"lazy\" width=\"1024\" height=\"768\" data-id=\"319\"  src=\"http:\/\/isepingenieria.cl\/new\/wp-content\/uploads\/2022\/06\/IMG_3984-1024x768.jpg\" alt=\"\" class=\"wp-image-319\" srcset=\"http:\/\/isepingenieria.cl\/wp-content\/uploads\/2022\/06\/IMG_3984-1024x768.jpg 1024w, http:\/\/isepingenieria.cl\/wp-content\/uploads\/2022\/06\/IMG_3984-300x225.jpg 300w, http:\/\/isepingenieria.cl\/wp-content\/uploads\/2022\/06\/IMG_3984-768x576.jpg 768w, http:\/\/isepingenieria.cl\/wp-content\/uploads\/2022\/06\/IMG_3984-1536x1152.jpg 1536w, http:\/\/isepingenieria.cl\/wp-content\/uploads\/2022\/06\/IMG_3984-2048x1536.jpg 2048w\" sizes=\"(max-width: 1024px) 100vw, 1024px\" \/><\/figure>\n\n\n\n<figure class=\"wp-block-image size-large\"><img loading=\"lazy\" width=\"1024\" height=\"768\" data-id=\"322\"  src=\"http:\/\/isepingenieria.cl\/new\/wp-content\/uploads\/2022\/06\/IMG_8678-1024x768.jpg\" alt=\"\" class=\"wp-image-322\" srcset=\"http:\/\/isepingenieria.cl\/wp-content\/uploads\/2022\/06\/IMG_8678-1024x768.jpg 1024w, http:\/\/isepingenieria.cl\/wp-content\/uploads\/2022\/06\/IMG_8678-300x225.jpg 300w, http:\/\/isepingenieria.cl\/wp-content\/uploads\/2022\/06\/IMG_8678-768x576.jpg 768w, http:\/\/isepingenieria.cl\/wp-content\/uploads\/2022\/06\/IMG_8678-1536x1152.jpg 1536w, http:\/\/isepingenieria.cl\/wp-content\/uploads\/2022\/06\/IMG_8678-2048x1536.jpg 2048w\" sizes=\"(max-width: 1024px) 100vw, 1024px\" \/><\/figure>\n\n\n\n<figure class=\"wp-block-image size-large\"><img loading=\"lazy\" width=\"1024\" height=\"768\" data-id=\"323\"  src=\"http:\/\/isepingenieria.cl\/new\/wp-content\/uploads\/2022\/06\/IMG_9108-1024x768.jpg\" alt=\"\" class=\"wp-image-323\" srcset=\"http:\/\/isepingenieria.cl\/wp-content\/uploads\/2022\/06\/IMG_9108-1024x768.jpg 1024w, http:\/\/isepingenieria.cl\/wp-content\/uploads\/2022\/06\/IMG_9108-300x225.jpg 300w, http:\/\/isepingenieria.cl\/wp-content\/uploads\/2022\/06\/IMG_9108-768x576.jpg 768w, http:\/\/isepingenieria.cl\/wp-content\/uploads\/2022\/06\/IMG_9108-1536x1152.jpg 1536w, http:\/\/isepingenieria.cl\/wp-content\/uploads\/2022\/06\/IMG_9108-2048x1536.jpg 2048w\" sizes=\"(max-width: 1024px) 100vw, 1024px\" \/><\/figure>\n\n\n\n<figure class=\"wp-block-image size-large\"><img loading=\"lazy\" width=\"1024\" height=\"768\" data-id=\"324\"  src=\"http:\/\/isepingenieria.cl\/new\/wp-content\/uploads\/2022\/06\/IMG_9169-1024x768.jpg\" alt=\"\" class=\"wp-image-324\" srcset=\"http:\/\/isepingenieria.cl\/wp-content\/uploads\/2022\/06\/IMG_9169-1024x768.jpg 1024w, http:\/\/isepingenieria.cl\/wp-content\/uploads\/2022\/06\/IMG_9169-300x225.jpg 300w, http:\/\/isepingenieria.cl\/wp-content\/uploads\/2022\/06\/IMG_9169-768x576.jpg 768w, http:\/\/isepingenieria.cl\/wp-content\/uploads\/2022\/06\/IMG_9169-1536x1152.jpg 1536w, http:\/\/isepingenieria.cl\/wp-content\/uploads\/2022\/06\/IMG_9169-2048x1536.jpg 2048w\" sizes=\"(max-width: 1024px) 100vw, 1024px\" \/><\/figure>\n<\/figure>\n","protected":false},"excerpt":{"rendered":"<p>L\u00edneas A\u00e9reas Inspecci\u00f3n Visual. Apriete de conexiones mec\u00e1nicas \u2013 ferreter\u00eda. Limpieza de aisladores con solvente diel\u00e9ctrico. Despeje de l\u00edneas de distribuci\u00f3n. Roce \u2013 poda de \u00e1rboles Informe t\u00e9cnico. L\u00edneas Subterr\u00e1neas Inspecci\u00f3n Visual. Mantenci\u00f3n de c\u00e1maras Fabricaci\u00f3n de mufas Pruebas el\u00e9ctricas Hi Pot, \u00cdndice de polarizaci\u00f3n Informe t\u00e9cnico Nuestros Servicios Mantenci\u00f3n Preventiva Transformadores Mantenci\u00f3n Correctiva Transformadores [&hellip;]<\/p>\n","protected":false},"author":2,"featured_media":0,"parent":0,"menu_order":0,"comment_status":"closed","ping_status":"closed","template":"","meta":[],"_links":{"self":[{"href":"http:\/\/isepingenieria.cl\/index.php\/wp-json\/wp\/v2\/pages\/311"}],"collection":[{"href":"http:\/\/isepingenieria.cl\/index.php\/wp-json\/wp\/v2\/pages"}],"about":[{"href":"http:\/\/isepingenieria.cl\/index.php\/wp-json\/wp\/v2\/types\/page"}],"author":[{"embeddable":true,"href":"http:\/\/isepingenieria.cl\/index.php\/wp-json\/wp\/v2\/users\/2"}],"replies":[{"embeddable":true,"href":"http:\/\/isepingenieria.cl\/index.php\/wp-json\/wp\/v2\/comments?post=311"}],"version-history":[{"count":3,"href":"http:\/\/isepingenieria.cl\/index.php\/wp-json\/wp\/v2\/pages\/311\/revisions"}],"predecessor-version":[{"id":390,"href":"http:\/\/isepingenieria.cl\/index.php\/wp-json\/wp\/v2\/pages\/311\/revisions\/390"}],"wp:attachment":[{"href":"http:\/\/isepingenieria.cl\/index.php\/wp-json\/wp\/v2\/media?parent=311"}],"curies":[{"name":"wp","href":"https:\/\/api.w.org\/{rel}","templated":true}]}}